{"id":18668,"date":"2022-01-10T00:57:00","date_gmt":"2022-01-10T00:57:00","guid":{"rendered":"https:\/\/tudomoveisbelem.com.br\/v19\/?post_type=product&#038;p=18668"},"modified":"2025-08-25T21:03:30","modified_gmt":"2025-08-25T21:03:30","slug":"armario-aereo-burguesa-100-mdf-2-portas-com-adega-por-apenas-10x-de-r7890-sem-juros-no-cartao-ou-a-vista-por-r78900","status":"publish","type":"product","link":"https:\/\/tudomoveisbelem.com.br\/v19\/produto\/armario-aereo-burguesa-100-mdf-2-portas-com-adega-por-apenas-10x-de-r7890-sem-juros-no-cartao-ou-a-vista-por-r78900\/","title":{"rendered":"Arm\u00e1rio A\u00e9reo Burguesa 100% MDF com Adega.\u00a0"},"content":{"rendered":"<p>A Cozinha Nesher Burguesa tem design contempor\u00e2neo inspirado em cozinhas planejadas, ferragens inovadoras e tecnol\u00f3gicas e \u00e9 muito pr\u00e1tica.<br \/>\nDispon\u00edvel em m\u00f3dulos, permite composi\u00e7\u00f5es variadas, conforme o gosto do consumidor.<br \/>\nProjetada para proporcionar praticidade e funcionalidade no uso di\u00e1rio, produzida com mat\u00e9rias prima de primeira linha proporcionando qualidade superior e durabilidade.<br \/>\nDiferenciais \u00fanicos:<br \/>\n&#8211; Puxadores de alum\u00ednio no padr\u00e3o a\u00e7o inox;<br \/>\n&#8211; Bonitas e robustas molduras;<br \/>\n&#8211; Dobradi\u00e7a SlowMotion com fechamento anti-impacto.<\/p>\n<p>Dimens\u00f5es<br \/>\nLargura: 1.20 CM<br \/>\nAltura: 0,86 CM<br \/>\nProfundidade: 0,32 CM<\/p>\n<p>&nbsp;<\/p>\n<p>&nbsp;<\/p>\n<p>Por apenas 10x de <span style=\"color: #ff0000;\">R$119,90<\/span> sem juros no cart\u00e3o ou \u00e0 vista por <span style=\"color: #ff0000;\">R$1.199,00.<\/span><\/p>\n","protected":false},"excerpt":{"rendered":"<p>A Cozinha Nesher Burguesa tem design contempor\u00e2neo inspirado em cozinhas planejadas, ferragens inovadoras e tecnol\u00f3gicas e \u00e9 muito pr\u00e1tica. Dispon\u00edvel em m\u00f3dulos, permite composi\u00e7\u00f5es variadas, conforme o gosto do consumidor. Projetada para proporcionar praticidade e funcionalidade no uso di\u00e1rio, produzida com mat\u00e9rias prima de primeira linha proporcionando qualidade superior e durabilidade. Diferenciais \u00fanicos: &#8211; Puxadores &hellip; <a href=\"https:\/\/tudomoveisbelem.com.br\/v19\/produto\/armario-aereo-burguesa-100-mdf-2-portas-com-adega-por-apenas-10x-de-r7890-sem-juros-no-cartao-ou-a-vista-por-r78900\/\" class=\"more-link\">Continue lendo<span class=\"screen-reader-text\"> &#8220;Arm\u00e1rio A\u00e9reo Burguesa 100% MDF com Adega.\u00a0&#8220;<\/span><\/a><\/p>\n","protected":false},"featured_media":33130,"comment_status":"closed","ping_status":"closed","template":"","meta":[],"product_brand":[],"product_cat":[22],"product_tag":[],"class_list":{"0":"post-18668","1":"product","2":"type-product","3":"status-publish","4":"has-post-thumbnail","6":"product_cat-moveis","8":"first","9":"instock","10":"shipping-taxable","11":"product-type-simple"},"_links":{"self":[{"href":"https:\/\/tudomoveisbelem.com.br\/v19\/wp-json\/wp\/v2\/product\/18668","targetHints":{"allow":["GET"]}}],"collection":[{"href":"https:\/\/tudomoveisbelem.com.br\/v19\/wp-json\/wp\/v2\/product"}],"about":[{"href":"https:\/\/tudomoveisbelem.com.br\/v19\/wp-json\/wp\/v2\/types\/product"}],"replies":[{"embeddable":true,"href":"https:\/\/tudomoveisbelem.com.br\/v19\/wp-json\/wp\/v2\/comments?post=18668"}],"version-history":[{"count":11,"href":"https:\/\/tudomoveisbelem.com.br\/v19\/wp-json\/wp\/v2\/product\/18668\/revisions"}],"predecessor-version":[{"id":34799,"href":"https:\/\/tudomoveisbelem.com.br\/v19\/wp-json\/wp\/v2\/product\/18668\/revisions\/34799"}],"wp:featuredmedia":[{"embeddable":true,"href":"https:\/\/tudomoveisbelem.com.br\/v19\/wp-json\/wp\/v2\/media\/33130"}],"wp:attachment":[{"href":"https:\/\/tudomoveisbelem.com.br\/v19\/wp-json\/wp\/v2\/media?parent=18668"}],"wp:term":[{"taxonomy":"product_brand","embeddable":true,"href":"https:\/\/tudomoveisbelem.com.br\/v19\/wp-json\/wp\/v2\/product_brand?post=18668"},{"taxonomy":"product_cat","embeddable":true,"href":"https:\/\/tudomoveisbelem.com.br\/v19\/wp-json\/wp\/v2\/product_cat?post=18668"},{"taxonomy":"product_tag","embeddable":true,"href":"https:\/\/tudomoveisbelem.com.br\/v19\/wp-json\/wp\/v2\/product_tag?post=18668"}],"curies":[{"name":"wp","href":"https:\/\/api.w.org\/{rel}","templated":true}]}}