{"id":18655,"date":"2022-01-10T00:40:06","date_gmt":"2022-01-10T00:40:06","guid":{"rendered":"https:\/\/tudomoveisbelem.com.br\/v19\/?post_type=product&#038;p=18655"},"modified":"2025-06-04T13:08:35","modified_gmt":"2025-06-04T13:08:35","slug":"balcao-burguesa-100-mdf-com-tampo-2-portas-3-gavetas-por-apenas-10x-de-r12590-sem-juros-no-cartao-ou-a-vista-por-r1-25900","status":"publish","type":"product","link":"https:\/\/tudomoveisbelem.com.br\/v19\/produto\/balcao-burguesa-100-mdf-com-tampo-2-portas-3-gavetas-por-apenas-10x-de-r12590-sem-juros-no-cartao-ou-a-vista-por-r1-25900\/","title":{"rendered":"Balc\u00e3o com Tampo 2 Portas 3 Gavetas Burguesa 10x de R$ 169,90"},"content":{"rendered":"<p>A Cozinha Nesher Burguesa tem design contempor\u00e2neo inspirado em cozinhas planejadas, ferragens inovadoras e tecnol\u00f3gicas e \u00e9 muito pr\u00e1tica. Dispon\u00edvel em m\u00f3dulos, permite composi\u00e7\u00f5es variadas, conforme o gosto do consumidor. Projetada para proporcionar praticidade e funcionalidade no uso di\u00e1rio, produzida com mat\u00e9rias prima de primeira linha proporcionando qualidade superior e durabilidade.<br \/>\nDiferenciais \u00fanicos:<br \/>\n&#8211; Puxadores de alum\u00ednio no padr\u00e3o a\u00e7o inox<br \/>\n&#8211; Bonitas e robustas molduras<br \/>\n&#8211; Corredi\u00e7a telesc\u00f3pica abertura integral: robusta e com tr\u00eas est\u00e1gios, esta corredi\u00e7a \u00e9 ideal para o uso di\u00e1rio, facilitando o acesso aos utens\u00edlios<br \/>\n&#8211; Ergon\u00f4micos gavet\u00f5es com laterais e traseiros altas para armazenagem de utens\u00edlios e mantimentos.<\/p>\n<p>Dimens\u00f5es:<br \/>\nLargura: 1.20 M<br \/>\nAltura: 0,86 CM<br \/>\nProfundidade: 0,53 CM<\/p>\n","protected":false},"excerpt":{"rendered":"<p>Por apenas 10x de <span style=\"color: #ff0000;\">R$149,90<\/span> sem juros no cart\u00e3o ou \u00e0 vista por <span style=\"color: #ff0000;\">R$1.699,00.<\/span><\/p>\n<p>&nbsp;<\/p>\n","protected":false},"featured_media":33122,"comment_status":"closed","ping_status":"closed","template":"","meta":[],"product_brand":[],"product_cat":[22],"product_tag":[],"class_list":{"0":"post-18655","1":"product","2":"type-product","3":"status-publish","4":"has-post-thumbnail","6":"product_cat-moveis","8":"first","9":"instock","10":"shipping-taxable","11":"product-type-simple"},"_links":{"self":[{"href":"https:\/\/tudomoveisbelem.com.br\/v19\/wp-json\/wp\/v2\/product\/18655","targetHints":{"allow":["GET"]}}],"collection":[{"href":"https:\/\/tudomoveisbelem.com.br\/v19\/wp-json\/wp\/v2\/product"}],"about":[{"href":"https:\/\/tudomoveisbelem.com.br\/v19\/wp-json\/wp\/v2\/types\/product"}],"replies":[{"embeddable":true,"href":"https:\/\/tudomoveisbelem.com.br\/v19\/wp-json\/wp\/v2\/comments?post=18655"}],"version-history":[{"count":12,"href":"https:\/\/tudomoveisbelem.com.br\/v19\/wp-json\/wp\/v2\/product\/18655\/revisions"}],"predecessor-version":[{"id":34022,"href":"https:\/\/tudomoveisbelem.com.br\/v19\/wp-json\/wp\/v2\/product\/18655\/revisions\/34022"}],"wp:featuredmedia":[{"embeddable":true,"href":"https:\/\/tudomoveisbelem.com.br\/v19\/wp-json\/wp\/v2\/media\/33122"}],"wp:attachment":[{"href":"https:\/\/tudomoveisbelem.com.br\/v19\/wp-json\/wp\/v2\/media?parent=18655"}],"wp:term":[{"taxonomy":"product_brand","embeddable":true,"href":"https:\/\/tudomoveisbelem.com.br\/v19\/wp-json\/wp\/v2\/product_brand?post=18655"},{"taxonomy":"product_cat","embeddable":true,"href":"https:\/\/tudomoveisbelem.com.br\/v19\/wp-json\/wp\/v2\/product_cat?post=18655"},{"taxonomy":"product_tag","embeddable":true,"href":"https:\/\/tudomoveisbelem.com.br\/v19\/wp-json\/wp\/v2\/product_tag?post=18655"}],"curies":[{"name":"wp","href":"https:\/\/api.w.org\/{rel}","templated":true}]}}