{"id":18613,"date":"2022-01-09T23:49:48","date_gmt":"2022-01-09T23:49:48","guid":{"rendered":"https:\/\/tudomoveisbelem.com.br\/v19\/?post_type=product&#038;p=18613"},"modified":"2025-08-04T16:51:46","modified_gmt":"2025-08-04T16:51:46","slug":"balcao-com-tampo-1-porta-4-gavetas-baronesa-por-apenas-10x-de-r14590-sem-juros-no-cartao-ou-a-vista-por-r1-45900","status":"publish","type":"product","link":"https:\/\/tudomoveisbelem.com.br\/v19\/produto\/balcao-com-tampo-1-porta-4-gavetas-baronesa-por-apenas-10x-de-r14590-sem-juros-no-cartao-ou-a-vista-por-r1-45900\/","title":{"rendered":"Balc\u00e3o com Tampo 1 Porta 4 Gavetas Baronesa 10x de R$ 179,90"},"content":{"rendered":"<p>\ud83e\uddf0\u2728 CHEGOU NA TUDO M\u00d3VEIS!<br \/>\nO BALC\u00c3O BARONESA COM TAMPO \u2014 1 PORTA + 4 GAVETAS | 100% MDF \u00e9 a uni\u00e3o perfeita entre praticidade, resist\u00eancia e estilo! \ud83c\udfe1<\/p>\n<p>\u2728 Diferenciais que impressionam:<br \/>\n\u2714\ufe0f Design contempor\u00e2neo e robusto \u2014 ideal pra quem busca uma cozinha funcional e elegante.<br \/>\n\u2714\ufe0f 1 porta + 2 gavet\u00f5es + 2 gavetas \u2014 organiza\u00e7\u00e3o garantida com muito mais espa\u00e7o interno.<br \/>\n\u2714\ufe0f Porta com abertura basculante \u2014 visual moderno e abertura pr\u00e1tica.<br \/>\n\u2714\ufe0f Puxadores em alum\u00ednio anodizado \u2014 dur\u00e1veis e com acabamento sofisticado.<br \/>\n\u2714\ufe0f Corredi\u00e7as telesc\u00f3picas de abertura total \u2014 alcance m\u00e1ximo e mais conforto no uso.<br \/>\n\u2714\ufe0f Tampo incluso \u2014 acabamento completo e resistente!<\/p>\n<p>\ud83d\udee0\ufe0f E claro: entrega e montagem GR\u00c1TIS no mesmo dia em Bel\u00e9m, Ananindeua e Marituba!<\/p>\n<p>\ud83d\udce6 Produto novo, com garantia de f\u00e1brica e direto da loja pro seu lar.<br \/>\n\ud83d\udcf2 Compre pelo WhatsApp ou venha at\u00e9 uma de nossas lojas f\u00edsicas!<\/p>\n","protected":false},"excerpt":{"rendered":"<p>Por apenas 10x de <span style=\"color: #ff0000;\">R$ 179,90<\/span>\u00a0sem juros no cart\u00e3o ou \u00e0 vista por <span style=\"color: #ff0000;\">R$ 1.79<\/span><span style=\"color: #ff0000;\">9,00<\/span><\/p>\n","protected":false},"featured_media":18614,"comment_status":"closed","ping_status":"closed","template":"","meta":[],"product_brand":[],"product_cat":[22],"product_tag":[],"class_list":{"0":"post-18613","1":"product","2":"type-product","3":"status-publish","4":"has-post-thumbnail","6":"product_cat-moveis","8":"first","9":"instock","10":"shipping-taxable","11":"product-type-simple"},"_links":{"self":[{"href":"https:\/\/tudomoveisbelem.com.br\/v19\/wp-json\/wp\/v2\/product\/18613","targetHints":{"allow":["GET"]}}],"collection":[{"href":"https:\/\/tudomoveisbelem.com.br\/v19\/wp-json\/wp\/v2\/product"}],"about":[{"href":"https:\/\/tudomoveisbelem.com.br\/v19\/wp-json\/wp\/v2\/types\/product"}],"replies":[{"embeddable":true,"href":"https:\/\/tudomoveisbelem.com.br\/v19\/wp-json\/wp\/v2\/comments?post=18613"}],"version-history":[{"count":10,"href":"https:\/\/tudomoveisbelem.com.br\/v19\/wp-json\/wp\/v2\/product\/18613\/revisions"}],"predecessor-version":[{"id":34431,"href":"https:\/\/tudomoveisbelem.com.br\/v19\/wp-json\/wp\/v2\/product\/18613\/revisions\/34431"}],"wp:featuredmedia":[{"embeddable":true,"href":"https:\/\/tudomoveisbelem.com.br\/v19\/wp-json\/wp\/v2\/media\/18614"}],"wp:attachment":[{"href":"https:\/\/tudomoveisbelem.com.br\/v19\/wp-json\/wp\/v2\/media?parent=18613"}],"wp:term":[{"taxonomy":"product_brand","embeddable":true,"href":"https:\/\/tudomoveisbelem.com.br\/v19\/wp-json\/wp\/v2\/product_brand?post=18613"},{"taxonomy":"product_cat","embeddable":true,"href":"https:\/\/tudomoveisbelem.com.br\/v19\/wp-json\/wp\/v2\/product_cat?post=18613"},{"taxonomy":"product_tag","embeddable":true,"href":"https:\/\/tudomoveisbelem.com.br\/v19\/wp-json\/wp\/v2\/product_tag?post=18613"}],"curies":[{"name":"wp","href":"https:\/\/api.w.org\/{rel}","templated":true}]}}