{"id":18596,"date":"2022-01-03T02:40:07","date_gmt":"2022-01-03T02:40:07","guid":{"rendered":"https:\/\/tudomoveisbelem.com.br\/v19\/?post_type=product&#038;p=18596"},"modified":"2025-08-25T21:04:02","modified_gmt":"2025-08-25T21:04:02","slug":"armario-aereo-2-portas-basculantes-baronesa-por-apenas-10x-de-r5790-sem-juros-no-cartao-ou-a-vista-por-r57900","status":"publish","type":"product","link":"https:\/\/tudomoveisbelem.com.br\/v19\/produto\/armario-aereo-2-portas-basculantes-baronesa-por-apenas-10x-de-r5790-sem-juros-no-cartao-ou-a-vista-por-r57900\/","title":{"rendered":"Arm\u00e1rio A\u00e9reo com 2 Portas Basculantes Baronesa."},"content":{"rendered":"<p>A cozinha Nesher Baronesa tem design contempor\u00e2neo, robusto e \u00e9 muito pratica. Inspirada em cozinhas planejadas, est\u00e1 dispon\u00edvel em m\u00f3dulos, permitindo composi\u00e7\u00f5es variadas, projetos exclusivos, conforme o espa\u00e7o e o gosto do consumidor. Projetada para proporcionar praticidade e funcionalidade no uso di\u00e1rio, produzida com mat\u00e9rias prima de primeira linha e ferragens tecnol\u00f3gicas de \u00faltima gera\u00e7\u00e3o. Todo o projeto foi pensado para embelezar sua cozinha com muita praticidade no uso e muita qualidade e durabilidade no dia a dia.<\/p>\n<p>Dimens\u00f5es:<br \/>\nLargura: 0,80 CM<br \/>\nAltura: 0,78 CM<br \/>\nProfundidade: 0,32 CM<\/p>\n<p>&nbsp;<\/p>\n<p>&nbsp;<\/p>\n<p>Por 10x de <span style=\"color: #ff0000;\">R$ 68,90<\/span> sem juros no cart\u00e3o ou \u00e0 vista por<span style=\"color: #ff0000;\"> R$ 689,00<\/span><\/p>\n","protected":false},"excerpt":{"rendered":"<p>A cozinha Nesher Baronesa tem design contempor\u00e2neo, robusto e \u00e9 muito pratica. Inspirada em cozinhas planejadas, est\u00e1 dispon\u00edvel em m\u00f3dulos, permitindo composi\u00e7\u00f5es variadas, projetos exclusivos, conforme o espa\u00e7o e o gosto do consumidor. Projetada para proporcionar praticidade e funcionalidade no uso di\u00e1rio, produzida com mat\u00e9rias prima de primeira linha e ferragens tecnol\u00f3gicas de \u00faltima gera\u00e7\u00e3o. &hellip; <a href=\"https:\/\/tudomoveisbelem.com.br\/v19\/produto\/armario-aereo-2-portas-basculantes-baronesa-por-apenas-10x-de-r5790-sem-juros-no-cartao-ou-a-vista-por-r57900\/\" class=\"more-link\">Continue lendo<span class=\"screen-reader-text\"> &#8220;Arm\u00e1rio A\u00e9reo com 2 Portas Basculantes Baronesa.&#8221;<\/span><\/a><\/p>\n","protected":false},"featured_media":18597,"comment_status":"closed","ping_status":"closed","template":"","meta":[],"product_brand":[],"product_cat":[22],"product_tag":[],"class_list":{"0":"post-18596","1":"product","2":"type-product","3":"status-publish","4":"has-post-thumbnail","6":"product_cat-moveis","8":"first","9":"instock","10":"shipping-taxable","11":"product-type-simple"},"_links":{"self":[{"href":"https:\/\/tudomoveisbelem.com.br\/v19\/wp-json\/wp\/v2\/product\/18596","targetHints":{"allow":["GET"]}}],"collection":[{"href":"https:\/\/tudomoveisbelem.com.br\/v19\/wp-json\/wp\/v2\/product"}],"about":[{"href":"https:\/\/tudomoveisbelem.com.br\/v19\/wp-json\/wp\/v2\/types\/product"}],"replies":[{"embeddable":true,"href":"https:\/\/tudomoveisbelem.com.br\/v19\/wp-json\/wp\/v2\/comments?post=18596"}],"version-history":[{"count":10,"href":"https:\/\/tudomoveisbelem.com.br\/v19\/wp-json\/wp\/v2\/product\/18596\/revisions"}],"predecessor-version":[{"id":34800,"href":"https:\/\/tudomoveisbelem.com.br\/v19\/wp-json\/wp\/v2\/product\/18596\/revisions\/34800"}],"wp:featuredmedia":[{"embeddable":true,"href":"https:\/\/tudomoveisbelem.com.br\/v19\/wp-json\/wp\/v2\/media\/18597"}],"wp:attachment":[{"href":"https:\/\/tudomoveisbelem.com.br\/v19\/wp-json\/wp\/v2\/media?parent=18596"}],"wp:term":[{"taxonomy":"product_brand","embeddable":true,"href":"https:\/\/tudomoveisbelem.com.br\/v19\/wp-json\/wp\/v2\/product_brand?post=18596"},{"taxonomy":"product_cat","embeddable":true,"href":"https:\/\/tudomoveisbelem.com.br\/v19\/wp-json\/wp\/v2\/product_cat?post=18596"},{"taxonomy":"product_tag","embeddable":true,"href":"https:\/\/tudomoveisbelem.com.br\/v19\/wp-json\/wp\/v2\/product_tag?post=18596"}],"curies":[{"name":"wp","href":"https:\/\/api.w.org\/{rel}","templated":true}]}}