{"id":18585,"date":"2022-01-03T02:29:29","date_gmt":"2022-01-03T02:29:29","guid":{"rendered":"https:\/\/tudomoveisbelem.com.br\/v19\/?post_type=product&#038;p=18585"},"modified":"2024-11-26T19:36:25","modified_gmt":"2024-11-26T19:36:25","slug":"paneleiro-2-portas-3-gavetas-e-nicho-baronesa-por-apenas-10x-de-r15190-sem-juros-no-cartao-ou-a-vista-por-r1-51900","status":"publish","type":"product","link":"https:\/\/tudomoveisbelem.com.br\/v19\/produto\/paneleiro-2-portas-3-gavetas-e-nicho-baronesa-por-apenas-10x-de-r15190-sem-juros-no-cartao-ou-a-vista-por-r1-51900\/","title":{"rendered":"Paneleiro 2 Portas 3 Gavetas 10x de R$ 178,90"},"content":{"rendered":"<p>O Paneleiro com 2 portas e 2 gavet\u00f5es, 1 gaveta e nicho micro-ondas Nesher Baronesa tem design contempor\u00e2neo, robusto e \u00e9 muito pratico. Projetado para proporcionar praticidade e funcionalidade no uso di\u00e1rio, produzida com mat\u00e9rias prima de primeira linha e ferragens de \u00faltima gera\u00e7\u00e3o.<\/p>\n<p>Diferenciais \u00fanicos:<br \/>\n&#8211; moderna porta com abertura basculante. &#8211; puxadores em perfil de alum\u00ednio anodizado: moderno, com qualidade e durabilidade.<br \/>\n&#8211; corredi\u00e7a telesc\u00f3pica abertura integral: robusta e com tr\u00eas est\u00e1gios, esta corredi\u00e7a \u00e9 ideal para o uso di\u00e1rio, facilitando o acesso aos utens\u00edlios.<br \/>\n&#8211; ergon\u00f4micos gavet\u00f5es com laterais altas para armazenagem de utens\u00edlios e mantimentos.<\/p>\n<p>Dimens\u00f5es:<br \/>\nAltura: 2.21 M<br \/>\nLargura: 0,70 CM<br \/>\nProfundidade: 0,47 CM<\/p>\n","protected":false},"excerpt":{"rendered":"<p>Por apenas 10x de <span style=\"color: #ff0000;\">R$ 178,90<\/span> sem juros no cart\u00e3o ou \u00e0 vista por <span style=\"color: #ff0000;\">R$ 1.789,00<\/span><\/p>\n","protected":false},"featured_media":18586,"comment_status":"closed","ping_status":"closed","template":"","meta":[],"product_brand":[],"product_cat":[22],"product_tag":[],"class_list":{"0":"post-18585","1":"product","2":"type-product","3":"status-publish","4":"has-post-thumbnail","6":"product_cat-moveis","8":"first","9":"instock","10":"shipping-taxable","11":"product-type-simple"},"_links":{"self":[{"href":"https:\/\/tudomoveisbelem.com.br\/v19\/wp-json\/wp\/v2\/product\/18585","targetHints":{"allow":["GET"]}}],"collection":[{"href":"https:\/\/tudomoveisbelem.com.br\/v19\/wp-json\/wp\/v2\/product"}],"about":[{"href":"https:\/\/tudomoveisbelem.com.br\/v19\/wp-json\/wp\/v2\/types\/product"}],"replies":[{"embeddable":true,"href":"https:\/\/tudomoveisbelem.com.br\/v19\/wp-json\/wp\/v2\/comments?post=18585"}],"version-history":[{"count":9,"href":"https:\/\/tudomoveisbelem.com.br\/v19\/wp-json\/wp\/v2\/product\/18585\/revisions"}],"predecessor-version":[{"id":31401,"href":"https:\/\/tudomoveisbelem.com.br\/v19\/wp-json\/wp\/v2\/product\/18585\/revisions\/31401"}],"wp:featuredmedia":[{"embeddable":true,"href":"https:\/\/tudomoveisbelem.com.br\/v19\/wp-json\/wp\/v2\/media\/18586"}],"wp:attachment":[{"href":"https:\/\/tudomoveisbelem.com.br\/v19\/wp-json\/wp\/v2\/media?parent=18585"}],"wp:term":[{"taxonomy":"product_brand","embeddable":true,"href":"https:\/\/tudomoveisbelem.com.br\/v19\/wp-json\/wp\/v2\/product_brand?post=18585"},{"taxonomy":"product_cat","embeddable":true,"href":"https:\/\/tudomoveisbelem.com.br\/v19\/wp-json\/wp\/v2\/product_cat?post=18585"},{"taxonomy":"product_tag","embeddable":true,"href":"https:\/\/tudomoveisbelem.com.br\/v19\/wp-json\/wp\/v2\/product_tag?post=18585"}],"curies":[{"name":"wp","href":"https:\/\/api.w.org\/{rel}","templated":true}]}}