{"id":18484,"date":"2021-12-21T00:59:52","date_gmt":"2021-12-21T00:59:52","guid":{"rendered":"https:\/\/tudomoveisbelem.com.br\/v19\/?post_type=product&#038;p=18484"},"modified":"2025-08-25T21:49:22","modified_gmt":"2025-08-25T21:49:22","slug":"aparador-buffet-retro-3-portas-e-prateleira-ajustavel-por-apenas-10x-sem-juros-de-r7490-no-cartao-ou-a-vista-por-r74900","status":"publish","type":"product","link":"https:\/\/tudomoveisbelem.com.br\/v19\/produto\/aparador-buffet-retro-3-portas-e-prateleira-ajustavel-por-apenas-10x-sem-juros-de-r7490-no-cartao-ou-a-vista-por-r74900\/","title":{"rendered":"Aparador Buffet Retr\u00f4 3 Portas ."},"content":{"rendered":"<p>O Aparador Buffet \u00e9 ideal para sua sala. com designer retr\u00f4 ele ir\u00e1 agregar muito mais charme e requinte ao seu ambiente. Possui 3 portas com dobradi\u00e7as met\u00e1licas, e amplo nicho interno. Duas prateleiras, sendo uma delas a altura ajust\u00e1vel ou at\u00e9 mesmo remov\u00edvel. Amplo tampo para acomodar bebidas, objetos de decora\u00e7\u00e3o, ta\u00e7as etc. Elaborado em MDP com p\u00e9s em madeira maci\u00e7a, esses atributos garantem ao produto maior resist\u00eancia e durabilidade.<\/p>\n<p>Dimens\u00f5es<br \/>\nLargura: 1.35 M<br \/>\nAltura: 0,97 CM<br \/>\nProfundidade: 0,37 CM<\/p>\n<p>&nbsp;<\/p>\n<p>&nbsp;<\/p>\n<p>Por apenas 10x sem juros de <span style=\"color: #ff0000;\">R$ 99,90<\/span> no cart\u00e3o ou \u00e0 vista por <span style=\"color: #ff0000;\">R$ 999,00<\/span><\/p>\n","protected":false},"excerpt":{"rendered":"<p>O Aparador Buffet \u00e9 ideal para sua sala. com designer retr\u00f4 ele ir\u00e1 agregar muito mais charme e requinte ao seu ambiente. Possui 3 portas com dobradi\u00e7as met\u00e1licas, e amplo nicho interno. Duas prateleiras, sendo uma delas a altura ajust\u00e1vel ou at\u00e9 mesmo remov\u00edvel. Amplo tampo para acomodar bebidas, objetos de decora\u00e7\u00e3o, ta\u00e7as etc. Elaborado &hellip; <a href=\"https:\/\/tudomoveisbelem.com.br\/v19\/produto\/aparador-buffet-retro-3-portas-e-prateleira-ajustavel-por-apenas-10x-sem-juros-de-r7490-no-cartao-ou-a-vista-por-r74900\/\" class=\"more-link\">Continue lendo<span class=\"screen-reader-text\"> &#8220;Aparador Buffet Retr\u00f4 3 Portas .&#8221;<\/span><\/a><\/p>\n","protected":false},"featured_media":18485,"comment_status":"closed","ping_status":"closed","template":"","meta":[],"product_brand":[],"product_cat":[47,155,29],"product_tag":[],"class_list":{"0":"post-18484","1":"product","2":"type-product","3":"status-publish","4":"has-post-thumbnail","6":"product_cat-aparadores","7":"product_cat-aparadores-buffets-2","8":"product_cat-sala","10":"first","11":"instock","12":"shipping-taxable","13":"product-type-simple"},"_links":{"self":[{"href":"https:\/\/tudomoveisbelem.com.br\/v19\/wp-json\/wp\/v2\/product\/18484","targetHints":{"allow":["GET"]}}],"collection":[{"href":"https:\/\/tudomoveisbelem.com.br\/v19\/wp-json\/wp\/v2\/product"}],"about":[{"href":"https:\/\/tudomoveisbelem.com.br\/v19\/wp-json\/wp\/v2\/types\/product"}],"replies":[{"embeddable":true,"href":"https:\/\/tudomoveisbelem.com.br\/v19\/wp-json\/wp\/v2\/comments?post=18484"}],"version-history":[{"count":7,"href":"https:\/\/tudomoveisbelem.com.br\/v19\/wp-json\/wp\/v2\/product\/18484\/revisions"}],"predecessor-version":[{"id":34791,"href":"https:\/\/tudomoveisbelem.com.br\/v19\/wp-json\/wp\/v2\/product\/18484\/revisions\/34791"}],"wp:featuredmedia":[{"embeddable":true,"href":"https:\/\/tudomoveisbelem.com.br\/v19\/wp-json\/wp\/v2\/media\/18485"}],"wp:attachment":[{"href":"https:\/\/tudomoveisbelem.com.br\/v19\/wp-json\/wp\/v2\/media?parent=18484"}],"wp:term":[{"taxonomy":"product_brand","embeddable":true,"href":"https:\/\/tudomoveisbelem.com.br\/v19\/wp-json\/wp\/v2\/product_brand?post=18484"},{"taxonomy":"product_cat","embeddable":true,"href":"https:\/\/tudomoveisbelem.com.br\/v19\/wp-json\/wp\/v2\/product_cat?post=18484"},{"taxonomy":"product_tag","embeddable":true,"href":"https:\/\/tudomoveisbelem.com.br\/v19\/wp-json\/wp\/v2\/product_tag?post=18484"}],"curies":[{"name":"wp","href":"https:\/\/api.w.org\/{rel}","templated":true}]}}