{"id":1816,"date":"2019-07-09T15:09:37","date_gmt":"2019-07-09T15:09:37","guid":{"rendered":"https:\/\/tudomoveisbelem.com.br\/v19\/?post_type=product&#038;p=1816"},"modified":"2025-03-21T20:13:52","modified_gmt":"2025-03-21T20:13:52","slug":"base-158-m-box-queen-size-ortofirme-r-44900-a-vista","status":"publish","type":"product","link":"https:\/\/tudomoveisbelem.com.br\/v19\/produto\/base-158-m-box-queen-size-ortofirme-r-44900-a-vista\/","title":{"rendered":"Base Box Queen Size Ortofirme 10x de R$ 64,90"},"content":{"rendered":"<p>Base Queen Size para Cama Box Ortofirme \u00e9 produzida com os melhores materias, proporcionando uma alta resist\u00eancia e durabilidade prolongada. Possui design diferenciado, proporcionando praticidade e conforto, tornando-se uma pe\u00e7a que pode ser combinada com a decora\u00e7\u00e3o de seu quarto deixando-o moderno e sofisticado!<\/p>\n<p>Dimens\u00f5es:<br \/>\nLargura: 1.98 M<br \/>\nProfundidade: 1.58 M<br \/>\nAltura: 0,30 CM<\/p>\n","protected":false},"excerpt":{"rendered":"<p>De <del><span style=\"color: #ff0000;\">R$900,00<\/span><\/del><br \/>\nPor apenas 10x de <span style=\"color: #ff0000;\">R$64,90<\/span> sem juros no cart\u00e3o ou \u00e0 vista por <span style=\"color: #ff0000;\">R$649,00.<\/span><\/p>\n<p>&nbsp;<\/p>\n","protected":false},"featured_media":20807,"comment_status":"closed","ping_status":"closed","template":"","meta":[],"product_brand":[],"product_cat":[39],"product_tag":[],"class_list":{"0":"post-1816","1":"product","2":"type-product","3":"status-publish","4":"has-post-thumbnail","6":"product_cat-camas","8":"first","9":"instock","10":"shipping-taxable","11":"product-type-simple"},"_links":{"self":[{"href":"https:\/\/tudomoveisbelem.com.br\/v19\/wp-json\/wp\/v2\/product\/1816","targetHints":{"allow":["GET"]}}],"collection":[{"href":"https:\/\/tudomoveisbelem.com.br\/v19\/wp-json\/wp\/v2\/product"}],"about":[{"href":"https:\/\/tudomoveisbelem.com.br\/v19\/wp-json\/wp\/v2\/types\/product"}],"replies":[{"embeddable":true,"href":"https:\/\/tudomoveisbelem.com.br\/v19\/wp-json\/wp\/v2\/comments?post=1816"}],"version-history":[{"count":8,"href":"https:\/\/tudomoveisbelem.com.br\/v19\/wp-json\/wp\/v2\/product\/1816\/revisions"}],"predecessor-version":[{"id":32963,"href":"https:\/\/tudomoveisbelem.com.br\/v19\/wp-json\/wp\/v2\/product\/1816\/revisions\/32963"}],"wp:featuredmedia":[{"embeddable":true,"href":"https:\/\/tudomoveisbelem.com.br\/v19\/wp-json\/wp\/v2\/media\/20807"}],"wp:attachment":[{"href":"https:\/\/tudomoveisbelem.com.br\/v19\/wp-json\/wp\/v2\/media?parent=1816"}],"wp:term":[{"taxonomy":"product_brand","embeddable":true,"href":"https:\/\/tudomoveisbelem.com.br\/v19\/wp-json\/wp\/v2\/product_brand?post=1816"},{"taxonomy":"product_cat","embeddable":true,"href":"https:\/\/tudomoveisbelem.com.br\/v19\/wp-json\/wp\/v2\/product_cat?post=1816"},{"taxonomy":"product_tag","embeddable":true,"href":"https:\/\/tudomoveisbelem.com.br\/v19\/wp-json\/wp\/v2\/product_tag?post=1816"}],"curies":[{"name":"wp","href":"https:\/\/api.w.org\/{rel}","templated":true}]}}