{"id":1814,"date":"2019-07-09T15:04:51","date_gmt":"2019-07-09T15:04:51","guid":{"rendered":"https:\/\/tudomoveisbelem.com.br\/v19\/?post_type=product&#038;p=1814"},"modified":"2026-03-19T09:53:14","modified_gmt":"2026-03-19T09:53:14","slug":"basepadrao","status":"publish","type":"product","link":"https:\/\/tudomoveisbelem.com.br\/v19\/produto\/basepadrao\/","title":{"rendered":"Base para Box Casal 1.38 M Tamanho Padr\u00e3o 12x de R$ 49,92."},"content":{"rendered":"<p>&nbsp;<\/p>\n<p>PROMO\u00c7\u00c3O<br \/>\nDe R$ 800,00<br \/>\nPor 12x de R$ 49,92 sem juros no cart\u00e3o ou \u00e0 vista por R$ 599,00.<\/p>\n<p>&nbsp;<\/p>\n<p style=\"margin: 0cm;\">Sabia que \u00e9 a base para cama box que garante conforto, seguran\u00e7a e a sustenta\u00e7\u00e3o ideal para seu colch\u00e3o? Al\u00e9m disso, \u00e9 bom dizer que a base vem apenas com espa\u00e7o para colocar o colch\u00e3o. Ou seja, ela \u00e9 bem diferente da cama tradicional, que vem com estrado, laterais e cabeceiras. Ela possui tudo para que voc\u00ea tenha o melhor espa\u00e7o e possa desfrutar de um sono confort\u00e1vel, tranquilo e restaurador. Agora \u00e9 s\u00f3 colocar o colch\u00e3o e ter bons sonhos.<\/p>\n<p>&nbsp;<\/p>\n<p style=\"margin: 0cm;\">Dimens\u00f5es<\/p>\n<p style=\"margin: 0cm; text-align: justify; background: white;\"><span style=\"color: #404040;\">Altura: 28 CM<\/span><\/p>\n<p style=\"margin: 0cm; text-align: justify; background: white; box-sizing: border-box; outline: 0px; font-variant-ligatures: normal; font-variant-caps: normal; orphans: 2; widows: 2; -webkit-text-stroke-width: 0px; word-spacing: 0px;\"><span style=\"color: #404040;\">Largura: 1.38 M<\/span><\/p>\n<p style=\"margin: 0cm; text-align: justify; background: white; box-sizing: border-box; outline: 0px; font-variant-ligatures: normal; font-variant-caps: normal; orphans: 2; widows: 2; -webkit-text-stroke-width: 0px; word-spacing: 0px;\"><span style=\"color: #404040;\">Profundidade: 1.88 M<\/span><\/p>\n","protected":false},"excerpt":{"rendered":"<p><span style=\"color: #ff0000;\">Promo\u00e7\u00e3o!<\/span><br \/>\nDe <del><span style=\"color: #ff0000;\">R$600,00<\/span><\/del><br \/>\nPor apenas 10x de <span style=\"color: #ff0000;\">R$49,90<\/span> sem juros no cart\u00e3o ou \u00e0 vista por <span style=\"color: #ff0000;\">R$499,00.<\/span><\/p>\n<p>&nbsp;<\/p>\n","protected":false},"featured_media":24718,"comment_status":"closed","ping_status":"closed","template":"","meta":[],"product_brand":[],"product_cat":[39],"product_tag":[],"class_list":{"0":"post-1814","1":"product","2":"type-product","3":"status-publish","4":"has-post-thumbnail","6":"product_cat-camas","8":"first","9":"instock","10":"shipping-taxable","11":"product-type-simple"},"_links":{"self":[{"href":"https:\/\/tudomoveisbelem.com.br\/v19\/wp-json\/wp\/v2\/product\/1814","targetHints":{"allow":["GET"]}}],"collection":[{"href":"https:\/\/tudomoveisbelem.com.br\/v19\/wp-json\/wp\/v2\/product"}],"about":[{"href":"https:\/\/tudomoveisbelem.com.br\/v19\/wp-json\/wp\/v2\/types\/product"}],"replies":[{"embeddable":true,"href":"https:\/\/tudomoveisbelem.com.br\/v19\/wp-json\/wp\/v2\/comments?post=1814"}],"version-history":[{"count":8,"href":"https:\/\/tudomoveisbelem.com.br\/v19\/wp-json\/wp\/v2\/product\/1814\/revisions"}],"predecessor-version":[{"id":37108,"href":"https:\/\/tudomoveisbelem.com.br\/v19\/wp-json\/wp\/v2\/product\/1814\/revisions\/37108"}],"wp:featuredmedia":[{"embeddable":true,"href":"https:\/\/tudomoveisbelem.com.br\/v19\/wp-json\/wp\/v2\/media\/24718"}],"wp:attachment":[{"href":"https:\/\/tudomoveisbelem.com.br\/v19\/wp-json\/wp\/v2\/media?parent=1814"}],"wp:term":[{"taxonomy":"product_brand","embeddable":true,"href":"https:\/\/tudomoveisbelem.com.br\/v19\/wp-json\/wp\/v2\/product_brand?post=1814"},{"taxonomy":"product_cat","embeddable":true,"href":"https:\/\/tudomoveisbelem.com.br\/v19\/wp-json\/wp\/v2\/product_cat?post=1814"},{"taxonomy":"product_tag","embeddable":true,"href":"https:\/\/tudomoveisbelem.com.br\/v19\/wp-json\/wp\/v2\/product_tag?post=1814"}],"curies":[{"name":"wp","href":"https:\/\/api.w.org\/{rel}","templated":true}]}}