{"id":1811,"date":"2019-07-09T14:56:11","date_gmt":"2019-07-09T14:56:11","guid":{"rendered":"https:\/\/tudomoveisbelem.com.br\/v19\/?post_type=product&#038;p=1811"},"modified":"2025-04-01T15:40:40","modified_gmt":"2025-04-01T15:40:40","slug":"base-box-solteiro-r24900-a-vista","status":"publish","type":"product","link":"https:\/\/tudomoveisbelem.com.br\/v19\/produto\/base-box-solteiro-r24900-a-vista\/","title":{"rendered":"Base Box Solteiro 10x de R$ 39,90"},"content":{"rendered":"<p>Base Cama Box Solteiro, para voc\u00ea que quer deixar seu quarto com um toque mais refinado e vers\u00e1til.<br \/>\nChegou a hora de voc\u00ea dormir com muito mais conforto e inova\u00e7\u00e3o.<\/p>\n<p>A base cama box \u00e9 o termo usado para a parte de baixo, a base de apoio para o colch\u00e3o e \u00e9 de uso universal. Podem ser usada com qualquer linha ou modelo de colch\u00e3o, que tenham o mesmo tamanho de largura e comprimento independente de fabricante e modelo. A fun\u00e7\u00e3o dela \u00e9 de substituir a cama tradicional e servir de base para o colch\u00e3o.<\/p>\n<p>Dimens\u00f5es:<br \/>\nLargura: 1.88 M<br \/>\nProfundidade: 1.38 M<br \/>\nAltura: 0,40 CM<\/p>\n","protected":false},"excerpt":{"rendered":"<p>De <del><span style=\"color: #ff0000;\">R$600,00<\/span><\/del><br \/>\nPor apenas 10x de <span style=\"color: #ff0000;\">R$39,90<\/span> sem juros no cart\u00e3o ou \u00e0 vista por <span style=\"color: #ff0000;\">R$399,00.<\/span><\/p>\n","protected":false},"featured_media":24740,"comment_status":"closed","ping_status":"closed","template":"","meta":[],"product_brand":[],"product_cat":[39],"product_tag":[],"class_list":{"0":"post-1811","1":"product","2":"type-product","3":"status-publish","4":"has-post-thumbnail","6":"product_cat-camas","8":"first","9":"instock","10":"shipping-taxable","11":"product-type-simple"},"_links":{"self":[{"href":"https:\/\/tudomoveisbelem.com.br\/v19\/wp-json\/wp\/v2\/product\/1811","targetHints":{"allow":["GET"]}}],"collection":[{"href":"https:\/\/tudomoveisbelem.com.br\/v19\/wp-json\/wp\/v2\/product"}],"about":[{"href":"https:\/\/tudomoveisbelem.com.br\/v19\/wp-json\/wp\/v2\/types\/product"}],"replies":[{"embeddable":true,"href":"https:\/\/tudomoveisbelem.com.br\/v19\/wp-json\/wp\/v2\/comments?post=1811"}],"version-history":[{"count":7,"href":"https:\/\/tudomoveisbelem.com.br\/v19\/wp-json\/wp\/v2\/product\/1811\/revisions"}],"predecessor-version":[{"id":33153,"href":"https:\/\/tudomoveisbelem.com.br\/v19\/wp-json\/wp\/v2\/product\/1811\/revisions\/33153"}],"wp:featuredmedia":[{"embeddable":true,"href":"https:\/\/tudomoveisbelem.com.br\/v19\/wp-json\/wp\/v2\/media\/24740"}],"wp:attachment":[{"href":"https:\/\/tudomoveisbelem.com.br\/v19\/wp-json\/wp\/v2\/media?parent=1811"}],"wp:term":[{"taxonomy":"product_brand","embeddable":true,"href":"https:\/\/tudomoveisbelem.com.br\/v19\/wp-json\/wp\/v2\/product_brand?post=1811"},{"taxonomy":"product_cat","embeddable":true,"href":"https:\/\/tudomoveisbelem.com.br\/v19\/wp-json\/wp\/v2\/product_cat?post=1811"},{"taxonomy":"product_tag","embeddable":true,"href":"https:\/\/tudomoveisbelem.com.br\/v19\/wp-json\/wp\/v2\/product_tag?post=1811"}],"curies":[{"name":"wp","href":"https:\/\/api.w.org\/{rel}","templated":true}]}}