{"id":17509,"date":"2021-09-28T02:10:24","date_gmt":"2021-09-28T02:10:24","guid":{"rendered":"https:\/\/tudomoveisbelem.com.br\/v19\/?post_type=product&#038;p=17509"},"modified":"2025-10-29T16:23:16","modified_gmt":"2025-10-29T16:23:16","slug":"cama-unibox-solteiro-ortopedica-1-88-x-088-cm-por-apenas-10x-de-r4490-sem-juros-no-cartao-ou-a-vista-por-r44900","status":"publish","type":"product","link":"https:\/\/tudomoveisbelem.com.br\/v19\/produto\/cama-unibox-solteiro-ortopedica-1-88-x-088-cm-por-apenas-10x-de-r4490-sem-juros-no-cartao-ou-a-vista-por-r44900\/","title":{"rendered":"Cama Unibox Solteir\u00e3o Ortop\u00e9dica"},"content":{"rendered":"<p>\ud83d\udea8\u2728 LAN\u00c7AMENTO EXCLUSIVO NA TUDO M\u00d3VEIS! \u2728\ud83d\udea8<\/p>\n<p>Durma melhor com a Cama Unibox Solteir\u00e3o Ortop\u00e9dica \ud83d\udecf\ufe0f<br \/>\nA uni\u00e3o perfeita entre qualidade, conforto e pre\u00e7o justo para transformar suas noites de sono!<\/p>\n<p>\ud83c\udf1f Destaques do produto:<br \/>\n\u2705 Unibox (base + colch\u00e3o em uma s\u00f3 pe\u00e7a) \u2013 praticidade e conforto garantidos<br \/>\n\u2705 Modelo ortop\u00e9dico \u2013 suporte ideal para um sono saud\u00e1vel<br \/>\n\u2705 Design resistente e dur\u00e1vel<\/p>\n<p>\ud83d\udcd0 Medidas:<br \/>\nProfundidade: 1,98 m | Largura: 1,00 m | Altura: 0,53 m<\/p>\n<p>\ud83d\udcb3 Condi\u00e7\u00f5es especiais de lan\u00e7amento:<br \/>\n\ud83d\udc49<strong><span style=\"color: #ff0000;\"> 10x de R$69,90<\/span> <\/strong>sem juros<br \/>\n\ud83d\udc49 ou <span style=\"color: #ff0000;\">R$699,00<\/span> \u00e0 vista<\/p>\n<p>\ud83d\ude9a Entrega e montagem gr\u00e1tis no mesmo dia em Bel\u00e9m, Ananindeua e Marituba!<br \/>\n\ud83d\udcac Compre pelo WhatsApp e pague s\u00f3 na entrega.<\/p>\n<p>\u2728 Porque seu descanso merece mais conforto e estilo! \u2728<\/p>\n","protected":false},"excerpt":{"rendered":"<p>\ud83d\udea8\u2728 LAN\u00c7AMENTO EXCLUSIVO NA TUDO M\u00d3VEIS! \u2728\ud83d\udea8 Durma melhor com a Cama Unibox Solteir\u00e3o Ortop\u00e9dica \ud83d\udecf\ufe0f A uni\u00e3o perfeita entre qualidade, conforto e pre\u00e7o justo para transformar suas noites de sono! \ud83c\udf1f Destaques do produto: \u2705 Unibox (base + colch\u00e3o em uma s\u00f3 pe\u00e7a) \u2013 praticidade e conforto garantidos \u2705 Modelo ortop\u00e9dico \u2013 suporte ideal &hellip; <a href=\"https:\/\/tudomoveisbelem.com.br\/v19\/produto\/cama-unibox-solteiro-ortopedica-1-88-x-088-cm-por-apenas-10x-de-r4490-sem-juros-no-cartao-ou-a-vista-por-r44900\/\" class=\"more-link\">Continue lendo<span class=\"screen-reader-text\"> &#8220;Cama Unibox Solteir\u00e3o Ortop\u00e9dica&#8221;<\/span><\/a><\/p>\n","protected":false},"featured_media":30696,"comment_status":"closed","ping_status":"closed","template":"","meta":[],"product_brand":[],"product_cat":[39],"product_tag":[],"class_list":{"0":"post-17509","1":"product","2":"type-product","3":"status-publish","4":"has-post-thumbnail","6":"product_cat-camas","8":"first","9":"instock","10":"shipping-taxable","11":"product-type-simple"},"_links":{"self":[{"href":"https:\/\/tudomoveisbelem.com.br\/v19\/wp-json\/wp\/v2\/product\/17509","targetHints":{"allow":["GET"]}}],"collection":[{"href":"https:\/\/tudomoveisbelem.com.br\/v19\/wp-json\/wp\/v2\/product"}],"about":[{"href":"https:\/\/tudomoveisbelem.com.br\/v19\/wp-json\/wp\/v2\/types\/product"}],"replies":[{"embeddable":true,"href":"https:\/\/tudomoveisbelem.com.br\/v19\/wp-json\/wp\/v2\/comments?post=17509"}],"version-history":[{"count":7,"href":"https:\/\/tudomoveisbelem.com.br\/v19\/wp-json\/wp\/v2\/product\/17509\/revisions"}],"predecessor-version":[{"id":35672,"href":"https:\/\/tudomoveisbelem.com.br\/v19\/wp-json\/wp\/v2\/product\/17509\/revisions\/35672"}],"wp:featuredmedia":[{"embeddable":true,"href":"https:\/\/tudomoveisbelem.com.br\/v19\/wp-json\/wp\/v2\/media\/30696"}],"wp:attachment":[{"href":"https:\/\/tudomoveisbelem.com.br\/v19\/wp-json\/wp\/v2\/media?parent=17509"}],"wp:term":[{"taxonomy":"product_brand","embeddable":true,"href":"https:\/\/tudomoveisbelem.com.br\/v19\/wp-json\/wp\/v2\/product_brand?post=17509"},{"taxonomy":"product_cat","embeddable":true,"href":"https:\/\/tudomoveisbelem.com.br\/v19\/wp-json\/wp\/v2\/product_cat?post=17509"},{"taxonomy":"product_tag","embeddable":true,"href":"https:\/\/tudomoveisbelem.com.br\/v19\/wp-json\/wp\/v2\/product_tag?post=17509"}],"curies":[{"name":"wp","href":"https:\/\/api.w.org\/{rel}","templated":true}]}}