{"id":16981,"date":"2021-08-03T14:03:47","date_gmt":"2021-08-03T14:03:47","guid":{"rendered":"https:\/\/tudomoveisbelem.com.br\/v19\/?post_type=product&#038;p=16981"},"modified":"2025-03-25T17:24:26","modified_gmt":"2025-03-25T17:24:26","slug":"painel-decorativo-espelhado-3d-dalla-costa-10-x-sem-juros-de-r-6290-no-cartao-ou-a-vista-por-r-62900","status":"publish","type":"product","link":"https:\/\/tudomoveisbelem.com.br\/v19\/produto\/painel-decorativo-espelhado-3d-dalla-costa-10-x-sem-juros-de-r-6290-no-cartao-ou-a-vista-por-r-62900\/","title":{"rendered":"Painel Decorativo Espelhado Dalla Costa 10x de R$ 89,90"},"content":{"rendered":"<p>O Painel Espelhado Decorativo Losango Dalla mede 127 CM, produzido em MDF com pintura UV preto alto brilho, com espelho colado, tem o bel\u00edssimo efeito 3D. Design inovador e pode ser usado em v\u00e1rios ambientes como sala, quarto, hall de entrada, conhe\u00e7a toda linha da marca Dalla Costa.<\/p>\n<p>100% MDF<br \/>\nESPELHO<\/p>\n<p>Dimens\u00f5es:<br \/>\nLargura: 1.27 M<br \/>\nAltura: 0,85 CM<br \/>\nProfundidade: 0,06 CM<\/p>\n","protected":false},"excerpt":{"rendered":"<p>Por apenas 10x de <span style=\"color: #ff0000;\">R$89,90<\/span> sem juros no cart\u00e3o ou \u00e0 vista por <span style=\"color: #ff0000;\">R$899,00.<\/span><\/p>\n","protected":false},"featured_media":16982,"comment_status":"closed","ping_status":"closed","template":"","meta":[],"product_brand":[],"product_cat":[148],"product_tag":[],"class_list":{"0":"post-16981","1":"product","2":"type-product","3":"status-publish","4":"has-post-thumbnail","6":"product_cat-quadros-espelhados","8":"first","9":"instock","10":"shipping-taxable","11":"product-type-simple"},"_links":{"self":[{"href":"https:\/\/tudomoveisbelem.com.br\/v19\/wp-json\/wp\/v2\/product\/16981","targetHints":{"allow":["GET"]}}],"collection":[{"href":"https:\/\/tudomoveisbelem.com.br\/v19\/wp-json\/wp\/v2\/product"}],"about":[{"href":"https:\/\/tudomoveisbelem.com.br\/v19\/wp-json\/wp\/v2\/types\/product"}],"replies":[{"embeddable":true,"href":"https:\/\/tudomoveisbelem.com.br\/v19\/wp-json\/wp\/v2\/comments?post=16981"}],"version-history":[{"count":9,"href":"https:\/\/tudomoveisbelem.com.br\/v19\/wp-json\/wp\/v2\/product\/16981\/revisions"}],"predecessor-version":[{"id":32994,"href":"https:\/\/tudomoveisbelem.com.br\/v19\/wp-json\/wp\/v2\/product\/16981\/revisions\/32994"}],"wp:featuredmedia":[{"embeddable":true,"href":"https:\/\/tudomoveisbelem.com.br\/v19\/wp-json\/wp\/v2\/media\/16982"}],"wp:attachment":[{"href":"https:\/\/tudomoveisbelem.com.br\/v19\/wp-json\/wp\/v2\/media?parent=16981"}],"wp:term":[{"taxonomy":"product_brand","embeddable":true,"href":"https:\/\/tudomoveisbelem.com.br\/v19\/wp-json\/wp\/v2\/product_brand?post=16981"},{"taxonomy":"product_cat","embeddable":true,"href":"https:\/\/tudomoveisbelem.com.br\/v19\/wp-json\/wp\/v2\/product_cat?post=16981"},{"taxonomy":"product_tag","embeddable":true,"href":"https:\/\/tudomoveisbelem.com.br\/v19\/wp-json\/wp\/v2\/product_tag?post=16981"}],"curies":[{"name":"wp","href":"https:\/\/api.w.org\/{rel}","templated":true}]}}