{"id":16679,"date":"2021-06-29T01:06:36","date_gmt":"2021-06-29T01:06:36","guid":{"rendered":"https:\/\/tudomoveisbelem.com.br\/v19\/?post_type=product&#038;p=16679"},"modified":"2024-06-18T15:34:24","modified_gmt":"2024-06-18T15:34:24","slug":"mesa-de-apoio-r24900-a-vista-ou-10-x-sem-juros-de-r2490-no-cartao","status":"publish","type":"product","link":"https:\/\/tudomoveisbelem.com.br\/v19\/produto\/mesa-de-apoio-r24900-a-vista-ou-10-x-sem-juros-de-r2490-no-cartao\/","title":{"rendered":"Mesa de Apoio 10x\u00a0de R$ 24,90\u00a0"},"content":{"rendered":"<p>Acrescente mais charme \u00e0 sua sala de estar com essa linda Mesa de Apoio, funcional e decorativa! \u00c9 \u00f3tima como apoio para seu telefone, controle da TV, copos e outros objetos, e pode ser posicionada estrategicamente ao lado do sof\u00e1 ou em qualquer cantinho. Al\u00e9m de ser um \u00f3timo suporte, ela promove a integra\u00e7\u00e3o do ambiente, deixando-o mais belo e aconchegante.<\/p>\n<p>Dimens\u00f5es<br \/>\nAltura: 0,76 CM<br \/>\nLargura: 0,33 CM<br \/>\nProfundidade: 0,25 CM<\/p>\n","protected":false},"excerpt":{"rendered":"<p>Por 10x de <span style=\"color: #ff0000;\"><strong>R$ 24,90<\/strong><\/span>\u00a0sem juros<br \/>\nNo cart\u00e3o ou \u00e0 vista por<span style=\"color: #ff0000;\"><strong>\u00a0R$ 249,00.<\/strong><\/span><\/p>\n","protected":false},"featured_media":16680,"comment_status":"closed","ping_status":"closed","template":"","meta":[],"product_brand":[],"product_cat":[46],"product_tag":[],"class_list":{"0":"post-16679","1":"product","2":"type-product","3":"status-publish","4":"has-post-thumbnail","6":"product_cat-mesa-de-centro","8":"first","9":"instock","10":"shipping-taxable","11":"product-type-simple"},"_links":{"self":[{"href":"https:\/\/tudomoveisbelem.com.br\/v19\/wp-json\/wp\/v2\/product\/16679","targetHints":{"allow":["GET"]}}],"collection":[{"href":"https:\/\/tudomoveisbelem.com.br\/v19\/wp-json\/wp\/v2\/product"}],"about":[{"href":"https:\/\/tudomoveisbelem.com.br\/v19\/wp-json\/wp\/v2\/types\/product"}],"replies":[{"embeddable":true,"href":"https:\/\/tudomoveisbelem.com.br\/v19\/wp-json\/wp\/v2\/comments?post=16679"}],"version-history":[{"count":6,"href":"https:\/\/tudomoveisbelem.com.br\/v19\/wp-json\/wp\/v2\/product\/16679\/revisions"}],"predecessor-version":[{"id":27413,"href":"https:\/\/tudomoveisbelem.com.br\/v19\/wp-json\/wp\/v2\/product\/16679\/revisions\/27413"}],"wp:featuredmedia":[{"embeddable":true,"href":"https:\/\/tudomoveisbelem.com.br\/v19\/wp-json\/wp\/v2\/media\/16680"}],"wp:attachment":[{"href":"https:\/\/tudomoveisbelem.com.br\/v19\/wp-json\/wp\/v2\/media?parent=16679"}],"wp:term":[{"taxonomy":"product_brand","embeddable":true,"href":"https:\/\/tudomoveisbelem.com.br\/v19\/wp-json\/wp\/v2\/product_brand?post=16679"},{"taxonomy":"product_cat","embeddable":true,"href":"https:\/\/tudomoveisbelem.com.br\/v19\/wp-json\/wp\/v2\/product_cat?post=16679"},{"taxonomy":"product_tag","embeddable":true,"href":"https:\/\/tudomoveisbelem.com.br\/v19\/wp-json\/wp\/v2\/product_tag?post=16679"}],"curies":[{"name":"wp","href":"https:\/\/api.w.org\/{rel}","templated":true}]}}