{"id":16646,"date":"2021-06-21T02:11:23","date_gmt":"2021-06-21T02:11:23","guid":{"rendered":"https:\/\/tudomoveisbelem.com.br\/v19\/?post_type=product&#038;p=16646"},"modified":"2024-09-10T14:12:55","modified_gmt":"2024-09-10T14:12:55","slug":"colchao-casal-physical-resistente-liso-r62900-a-vista-ou-10-x-de-r6290-no-cartao","status":"publish","type":"product","link":"https:\/\/tudomoveisbelem.com.br\/v19\/produto\/colchao-casal-physical-resistente-liso-r62900-a-vista-ou-10-x-de-r6290-no-cartao\/","title":{"rendered":"Colch\u00e3o Casal Physical Resistente Liso 10x de R$ 10x de R$ 79,90"},"content":{"rendered":"<p>O Colch\u00e3o Ortobom Physical Super Resistente \u00e9 altamente resistente e confort\u00e1vel, ideal para pessoas com at\u00e9 60 quilos. Composto por Espuma D20 Pr\u00f3 Aditivada de Alta Performance, proporciona melhor sustenta\u00e7\u00e3o e durabilidade ao produto. Seu revestimento \u00e9 em Poi\u00e9ster com tratamento antial\u00e9rgico e anti\u00e1caro.<\/p>\n<p>Caracter\u00edsticas:<br \/>\nEstrutura em espuma D20 Pr\u00f3 Aditivada de Alta Performance. Tecido em Poi\u00e9ster , tratamento antial\u00e9rgico e anti\u00e1caro.<\/p>\n<p>Com o aux\u00edlio deste incr\u00edvel Colch\u00e3o Physical, suas noites de sono ser\u00e3o muito mais revigorantes e gostosas.<\/p>\n<p class=\"cvGsUA direction-ltr align-center para-style-body\">Dimens\u00f5es:<br \/>\nAltura: 12 CM<br \/>\nLargura: 1.38 M<br \/>\nComprimento: 1.88 M<\/p>\n","protected":false},"excerpt":{"rendered":"<p>Por apenas 10x sem juros de <span style=\"color: #ff0000;\">R$ 79,90<\/span> no cart\u00e3o ou \u00e0 vista por <span style=\"color: #ff0000;\">R$ 799,00.<\/span><\/p>\n","protected":false},"featured_media":16647,"comment_status":"closed","ping_status":"closed","template":"","meta":[],"product_brand":[],"product_cat":[39],"product_tag":[],"class_list":{"0":"post-16646","1":"product","2":"type-product","3":"status-publish","4":"has-post-thumbnail","6":"product_cat-camas","8":"first","9":"instock","10":"shipping-taxable","11":"product-type-simple"},"_links":{"self":[{"href":"https:\/\/tudomoveisbelem.com.br\/v19\/wp-json\/wp\/v2\/product\/16646","targetHints":{"allow":["GET"]}}],"collection":[{"href":"https:\/\/tudomoveisbelem.com.br\/v19\/wp-json\/wp\/v2\/product"}],"about":[{"href":"https:\/\/tudomoveisbelem.com.br\/v19\/wp-json\/wp\/v2\/types\/product"}],"replies":[{"embeddable":true,"href":"https:\/\/tudomoveisbelem.com.br\/v19\/wp-json\/wp\/v2\/comments?post=16646"}],"version-history":[{"count":9,"href":"https:\/\/tudomoveisbelem.com.br\/v19\/wp-json\/wp\/v2\/product\/16646\/revisions"}],"predecessor-version":[{"id":30780,"href":"https:\/\/tudomoveisbelem.com.br\/v19\/wp-json\/wp\/v2\/product\/16646\/revisions\/30780"}],"wp:featuredmedia":[{"embeddable":true,"href":"https:\/\/tudomoveisbelem.com.br\/v19\/wp-json\/wp\/v2\/media\/16647"}],"wp:attachment":[{"href":"https:\/\/tudomoveisbelem.com.br\/v19\/wp-json\/wp\/v2\/media?parent=16646"}],"wp:term":[{"taxonomy":"product_brand","embeddable":true,"href":"https:\/\/tudomoveisbelem.com.br\/v19\/wp-json\/wp\/v2\/product_brand?post=16646"},{"taxonomy":"product_cat","embeddable":true,"href":"https:\/\/tudomoveisbelem.com.br\/v19\/wp-json\/wp\/v2\/product_cat?post=16646"},{"taxonomy":"product_tag","embeddable":true,"href":"https:\/\/tudomoveisbelem.com.br\/v19\/wp-json\/wp\/v2\/product_tag?post=16646"}],"curies":[{"name":"wp","href":"https:\/\/api.w.org\/{rel}","templated":true}]}}