{"id":16640,"date":"2021-06-21T02:03:50","date_gmt":"2021-06-21T02:03:50","guid":{"rendered":"https:\/\/tudomoveisbelem.com.br\/v19\/?post_type=product&#038;p=16640"},"modified":"2024-09-10T14:13:33","modified_gmt":"2024-09-10T14:13:33","slug":"colchao-solteiro-physical-resistente-ortobom-r39900-a-vista-ou-em-10-x-de-r3990-no-cartao","status":"publish","type":"product","link":"https:\/\/tudomoveisbelem.com.br\/v19\/produto\/colchao-solteiro-physical-resistente-ortobom-r39900-a-vista-ou-em-10-x-de-r3990-no-cartao\/","title":{"rendered":"Colch\u00e3o Solteiro Physical Resistente Ortobom 10x de R$ 44,90"},"content":{"rendered":"<p>O Colch\u00e3o Solteiro Ortobom de Espuma Physical Resistente Liso (INMETRO) 088X188X12 \u00e9 indicado para crian\u00e7as de at\u00e9 12 anos ou com peso de aproximadamente 50 Kg. A espuma \u00e9 formada 100% poliuretano com densidade D20 selada com certifica\u00e7\u00e3o do INMETRO.<\/p>\n<p>Dimens\u00f5es<br \/>\nComprimento: 1.88 M<br \/>\nLargura: 0,88 CM<br \/>\nAltura: 0,12 CM<\/p>\n","protected":false},"excerpt":{"rendered":"<p>De <del><span style=\"color: #ff0000;\">R$ 600,00<\/span><\/del><br \/>\nPor apenas 10x sem juros de <span style=\"color: #ff0000;\">R$ 44,90<\/span> no cart\u00e3o ou \u00e0 vista por<span style=\"color: #ff0000;\"> R$ 449,00<\/span><\/p>\n","protected":false},"featured_media":16641,"comment_status":"closed","ping_status":"closed","template":"","meta":[],"product_brand":[],"product_cat":[39],"product_tag":[],"class_list":{"0":"post-16640","1":"product","2":"type-product","3":"status-publish","4":"has-post-thumbnail","6":"product_cat-camas","8":"first","9":"instock","10":"shipping-taxable","11":"product-type-simple"},"_links":{"self":[{"href":"https:\/\/tudomoveisbelem.com.br\/v19\/wp-json\/wp\/v2\/product\/16640","targetHints":{"allow":["GET"]}}],"collection":[{"href":"https:\/\/tudomoveisbelem.com.br\/v19\/wp-json\/wp\/v2\/product"}],"about":[{"href":"https:\/\/tudomoveisbelem.com.br\/v19\/wp-json\/wp\/v2\/types\/product"}],"replies":[{"embeddable":true,"href":"https:\/\/tudomoveisbelem.com.br\/v19\/wp-json\/wp\/v2\/comments?post=16640"}],"version-history":[{"count":8,"href":"https:\/\/tudomoveisbelem.com.br\/v19\/wp-json\/wp\/v2\/product\/16640\/revisions"}],"predecessor-version":[{"id":30781,"href":"https:\/\/tudomoveisbelem.com.br\/v19\/wp-json\/wp\/v2\/product\/16640\/revisions\/30781"}],"wp:featuredmedia":[{"embeddable":true,"href":"https:\/\/tudomoveisbelem.com.br\/v19\/wp-json\/wp\/v2\/media\/16641"}],"wp:attachment":[{"href":"https:\/\/tudomoveisbelem.com.br\/v19\/wp-json\/wp\/v2\/media?parent=16640"}],"wp:term":[{"taxonomy":"product_brand","embeddable":true,"href":"https:\/\/tudomoveisbelem.com.br\/v19\/wp-json\/wp\/v2\/product_brand?post=16640"},{"taxonomy":"product_cat","embeddable":true,"href":"https:\/\/tudomoveisbelem.com.br\/v19\/wp-json\/wp\/v2\/product_cat?post=16640"},{"taxonomy":"product_tag","embeddable":true,"href":"https:\/\/tudomoveisbelem.com.br\/v19\/wp-json\/wp\/v2\/product_tag?post=16640"}],"curies":[{"name":"wp","href":"https:\/\/api.w.org\/{rel}","templated":true}]}}