{"id":16333,"date":"2021-05-29T03:39:17","date_gmt":"2021-05-29T03:39:17","guid":{"rendered":"https:\/\/tudomoveisbelem.com.br\/v19\/?post_type=product&#038;p=16333"},"modified":"2025-01-23T17:03:39","modified_gmt":"2025-01-23T17:03:39","slug":"cozinha-nesher-baronesa-modulada-100-mdf-r3-89900-a-vista","status":"publish","type":"product","link":"https:\/\/tudomoveisbelem.com.br\/v19\/produto\/cozinha-nesher-baronesa-modulada-100-mdf-r3-89900-a-vista\/","title":{"rendered":"Cozinha Completa Nesher 100% MDF Baronesa 10x de R$ 625,50"},"content":{"rendered":"<p>A Cozinha Completa Nesher Baronesa tem design contempor\u00e2neo, robusto e \u00e9 muito pratica. Dispon\u00edvel em m\u00f3dulos, permite composi\u00e7\u00f5es variadas, conforme o gosto do consumidor. Projetada para proporcionar praticidade e funcionalidade no uso di\u00e1rio, produzida com mat\u00e9rias prima de primeira linha e ferragens de \u00faltima gera\u00e7\u00e3o.<\/p>\n<p>Diferenciais \u00fanicos:<br \/>\n&#8211; Modernas portas com abertura basculante e pist\u00e3o a g\u00e1s.<br \/>\n&#8211; Puxadores em perfil de alum\u00ednio anodizado.<br \/>\n&#8211; Corredi\u00e7a telesc\u00f3pica abertura integral: robusta e com tr\u00eas est\u00e1gios, esta corredi\u00e7a \u00e9 ideal para o uso di\u00e1rio, facilitando o acesso aos utens\u00edlios.<br \/>\n&#8211; Ergon\u00f4micos gavet\u00f5es com laterais altas para armazenagem de utens\u00edlios e mantimentos.<br \/>\n&#8211; Arm\u00e1rio a\u00e9reo com moderna e bonita porta de vidro reflecta.<br \/>\n&#8211; Paneleiro com nicho para micro-ondas.<\/p>\n<p>Dimens\u00f5es:<br \/>\nLargura: 2.70 M<br \/>\nAltura: 2.21 M<br \/>\nProfundidade: 0,47 CM<\/p>\n","protected":false},"excerpt":{"rendered":"<p>Por apenas 10x de <span style=\"color: #ff0000;\">R$ 625,50<\/span> sem juros no cart\u00e3o ou \u00e0 vista por <span style=\"color: #ff0000;\">R$6.255,00.<\/span><\/p>\n","protected":false},"featured_media":16335,"comment_status":"closed","ping_status":"closed","template":"","meta":[],"product_brand":[],"product_cat":[22],"product_tag":[],"class_list":{"0":"post-16333","1":"product","2":"type-product","3":"status-publish","4":"has-post-thumbnail","6":"product_cat-moveis","8":"first","9":"instock","10":"shipping-taxable","11":"product-type-simple"},"_links":{"self":[{"href":"https:\/\/tudomoveisbelem.com.br\/v19\/wp-json\/wp\/v2\/product\/16333","targetHints":{"allow":["GET"]}}],"collection":[{"href":"https:\/\/tudomoveisbelem.com.br\/v19\/wp-json\/wp\/v2\/product"}],"about":[{"href":"https:\/\/tudomoveisbelem.com.br\/v19\/wp-json\/wp\/v2\/types\/product"}],"replies":[{"embeddable":true,"href":"https:\/\/tudomoveisbelem.com.br\/v19\/wp-json\/wp\/v2\/comments?post=16333"}],"version-history":[{"count":10,"href":"https:\/\/tudomoveisbelem.com.br\/v19\/wp-json\/wp\/v2\/product\/16333\/revisions"}],"predecessor-version":[{"id":32243,"href":"https:\/\/tudomoveisbelem.com.br\/v19\/wp-json\/wp\/v2\/product\/16333\/revisions\/32243"}],"wp:featuredmedia":[{"embeddable":true,"href":"https:\/\/tudomoveisbelem.com.br\/v19\/wp-json\/wp\/v2\/media\/16335"}],"wp:attachment":[{"href":"https:\/\/tudomoveisbelem.com.br\/v19\/wp-json\/wp\/v2\/media?parent=16333"}],"wp:term":[{"taxonomy":"product_brand","embeddable":true,"href":"https:\/\/tudomoveisbelem.com.br\/v19\/wp-json\/wp\/v2\/product_brand?post=16333"},{"taxonomy":"product_cat","embeddable":true,"href":"https:\/\/tudomoveisbelem.com.br\/v19\/wp-json\/wp\/v2\/product_cat?post=16333"},{"taxonomy":"product_tag","embeddable":true,"href":"https:\/\/tudomoveisbelem.com.br\/v19\/wp-json\/wp\/v2\/product_tag?post=16333"}],"curies":[{"name":"wp","href":"https:\/\/api.w.org\/{rel}","templated":true}]}}