{"id":13293,"date":"2020-09-26T00:39:17","date_gmt":"2020-09-26T00:39:17","guid":{"rendered":"https:\/\/tudomoveisbelem.com.br\/v19\/?post_type=product&#038;p=13293"},"modified":"2026-03-11T17:04:48","modified_gmt":"2026-03-11T17:04:48","slug":"escrivaninha-1-porta-r44900-a-vista","status":"publish","type":"product","link":"https:\/\/tudomoveisbelem.com.br\/v19\/produto\/escrivaninha-1-porta-r44900-a-vista\/","title":{"rendered":"Escrivaninha 1 Porta Por apenas 12x de R$ 49,92 sem juros no cart\u00e3o ou \u00e0 vista por R$ 599,00."},"content":{"rendered":"<p>Mesa de estudos pr\u00e1tica e usual que oferece dimens\u00f5es ideais sem comprometer o espa\u00e7o dos ambientes. Modelo disp\u00f5e de uma gaveta e compartimento com porta para acomoda\u00e7\u00e3o de pertences.<\/p>\n<p>Altura: 0,76 CM<br \/>\nLargura: 1.20 M<br \/>\nProfundidade: 0,45 CM<\/p>\n<p>&nbsp;<\/p>\n<p>Por apenas 12x de R$ 49,92 sem juros no cart\u00e3o ou \u00e0 vista por R$ 599,00.<\/p>\n","protected":false},"excerpt":{"rendered":"<p>Por apenas 10x de <strong><span style=\"color: #ff0000;\">R$ 49,90<\/span><\/strong> sem juros no cart\u00e3o ou \u00e0 vista por <strong><span style=\"color: #ff0000;\">R$ 499,00.<\/span><\/strong><\/p>\n<p>&nbsp;<\/p>\n","protected":false},"featured_media":16620,"comment_status":"closed","ping_status":"closed","template":"","meta":[],"product_brand":[],"product_cat":[32],"product_tag":[],"class_list":{"0":"post-13293","1":"product","2":"type-product","3":"status-publish","4":"has-post-thumbnail","6":"product_cat-escritorio","8":"first","9":"instock","10":"shipping-taxable","11":"product-type-simple"},"_links":{"self":[{"href":"https:\/\/tudomoveisbelem.com.br\/v19\/wp-json\/wp\/v2\/product\/13293","targetHints":{"allow":["GET"]}}],"collection":[{"href":"https:\/\/tudomoveisbelem.com.br\/v19\/wp-json\/wp\/v2\/product"}],"about":[{"href":"https:\/\/tudomoveisbelem.com.br\/v19\/wp-json\/wp\/v2\/types\/product"}],"replies":[{"embeddable":true,"href":"https:\/\/tudomoveisbelem.com.br\/v19\/wp-json\/wp\/v2\/comments?post=13293"}],"version-history":[{"count":9,"href":"https:\/\/tudomoveisbelem.com.br\/v19\/wp-json\/wp\/v2\/product\/13293\/revisions"}],"predecessor-version":[{"id":37015,"href":"https:\/\/tudomoveisbelem.com.br\/v19\/wp-json\/wp\/v2\/product\/13293\/revisions\/37015"}],"wp:featuredmedia":[{"embeddable":true,"href":"https:\/\/tudomoveisbelem.com.br\/v19\/wp-json\/wp\/v2\/media\/16620"}],"wp:attachment":[{"href":"https:\/\/tudomoveisbelem.com.br\/v19\/wp-json\/wp\/v2\/media?parent=13293"}],"wp:term":[{"taxonomy":"product_brand","embeddable":true,"href":"https:\/\/tudomoveisbelem.com.br\/v19\/wp-json\/wp\/v2\/product_brand?post=13293"},{"taxonomy":"product_cat","embeddable":true,"href":"https:\/\/tudomoveisbelem.com.br\/v19\/wp-json\/wp\/v2\/product_cat?post=13293"},{"taxonomy":"product_tag","embeddable":true,"href":"https:\/\/tudomoveisbelem.com.br\/v19\/wp-json\/wp\/v2\/product_tag?post=13293"}],"curies":[{"name":"wp","href":"https:\/\/api.w.org\/{rel}","templated":true}]}}