{"id":13237,"date":"2020-09-14T01:45:21","date_gmt":"2020-09-14T01:45:21","guid":{"rendered":"https:\/\/tudomoveisbelem.com.br\/v19\/?post_type=product&#038;p=13237"},"modified":"2025-03-18T21:03:05","modified_gmt":"2025-03-18T21:03:05","slug":"estante-livreiro-presence-r-39900-a-vista","status":"publish","type":"product","link":"https:\/\/tudomoveisbelem.com.br\/v19\/produto\/estante-livreiro-presence-r-39900-a-vista\/","title":{"rendered":"Estante Livreiro Presence 10x de R$ 79,90"},"content":{"rendered":"<p>Essa estante office oferece muita sofistica\u00e7\u00e3o e praticidade ao seu dia a dia. Possui espa\u00e7osas prateleiras que pode ser utilizada para exposi\u00e7\u00e3o de objetos de decora\u00e7\u00e3o, livros ou at\u00e9 documentos diversos. O fino acabamento com pintura ultravioleta, d\u00e1 o toque de classe final no produto. N\u00e3o perca a chance de deixar seu home-office mais moderno e elegante.<\/p>\n<p>Dimens\u00f5es:<br \/>\nAltura: 1.82 M<br \/>\nLargura: 0,96 M<br \/>\nProfundidade: 0,32 CM<\/p>\n","protected":false},"excerpt":{"rendered":"<p>Por apenas 10x de <span style=\"color: #ff0000;\">R$79,90<\/span> sem juros no cart\u00e3o ou \u00e0 vista por<span style=\"color: #ff0000;\"> R$799,00.<\/span><\/p>\n","protected":false},"featured_media":18368,"comment_status":"closed","ping_status":"closed","template":"","meta":[],"product_brand":[],"product_cat":[32],"product_tag":[],"class_list":{"0":"post-13237","1":"product","2":"type-product","3":"status-publish","4":"has-post-thumbnail","6":"product_cat-escritorio","8":"first","9":"instock","10":"shipping-taxable","11":"product-type-simple"},"_links":{"self":[{"href":"https:\/\/tudomoveisbelem.com.br\/v19\/wp-json\/wp\/v2\/product\/13237","targetHints":{"allow":["GET"]}}],"collection":[{"href":"https:\/\/tudomoveisbelem.com.br\/v19\/wp-json\/wp\/v2\/product"}],"about":[{"href":"https:\/\/tudomoveisbelem.com.br\/v19\/wp-json\/wp\/v2\/types\/product"}],"replies":[{"embeddable":true,"href":"https:\/\/tudomoveisbelem.com.br\/v19\/wp-json\/wp\/v2\/comments?post=13237"}],"version-history":[{"count":7,"href":"https:\/\/tudomoveisbelem.com.br\/v19\/wp-json\/wp\/v2\/product\/13237\/revisions"}],"predecessor-version":[{"id":32877,"href":"https:\/\/tudomoveisbelem.com.br\/v19\/wp-json\/wp\/v2\/product\/13237\/revisions\/32877"}],"wp:featuredmedia":[{"embeddable":true,"href":"https:\/\/tudomoveisbelem.com.br\/v19\/wp-json\/wp\/v2\/media\/18368"}],"wp:attachment":[{"href":"https:\/\/tudomoveisbelem.com.br\/v19\/wp-json\/wp\/v2\/media?parent=13237"}],"wp:term":[{"taxonomy":"product_brand","embeddable":true,"href":"https:\/\/tudomoveisbelem.com.br\/v19\/wp-json\/wp\/v2\/product_brand?post=13237"},{"taxonomy":"product_cat","embeddable":true,"href":"https:\/\/tudomoveisbelem.com.br\/v19\/wp-json\/wp\/v2\/product_cat?post=13237"},{"taxonomy":"product_tag","embeddable":true,"href":"https:\/\/tudomoveisbelem.com.br\/v19\/wp-json\/wp\/v2\/product_tag?post=13237"}],"curies":[{"name":"wp","href":"https:\/\/api.w.org\/{rel}","templated":true}]}}