{"id":13224,"date":"2020-09-07T14:11:06","date_gmt":"2020-09-07T14:11:06","guid":{"rendered":"https:\/\/tudomoveisbelem.com.br\/v19\/?post_type=product&#038;p=13224"},"modified":"2024-06-04T13:56:21","modified_gmt":"2024-06-04T13:56:21","slug":"criado-mudo-gaveteiro-r29900-a-vista","status":"publish","type":"product","link":"https:\/\/tudomoveisbelem.com.br\/v19\/produto\/criado-mudo-gaveteiro-r29900-a-vista\/","title":{"rendered":"Gaveteiro 10x de R$ 49,90"},"content":{"rendered":"<p>J\u00e1 reparou o quanto ter gavetas por perto faz toda a diferen\u00e7a, principalmente para quando for estudar ou trabalhar? Uma \u00f3tima solu\u00e7\u00e3o para este problema \u00e9 apostar em um Gaveteiro. Compacto, ele pode ocupar o canto que voc\u00ea quiser sem atrapalhar o funcionamento do espa\u00e7o. Al\u00e9m das 4 gavetas, o m\u00f3vel ainda possui rodinhas!<\/p>\n<p>Altura: 0,72 CM<br \/>\nLargura: 0,45 CM<br \/>\nProfundidade: 0,36 CM<\/p>\n","protected":false},"excerpt":{"rendered":"<p>Por apenas 10x sem juros de <strong><span style=\"color: #ff0000;\">R$ 49,90<\/span> <\/strong>no cart\u00e3o ou \u00e0 vista por <strong><span style=\"color: #ff0000;\">R$ 499,00.<\/span><\/strong><\/p>\n","protected":false},"featured_media":28147,"comment_status":"closed","ping_status":"closed","template":"","meta":[],"product_brand":[],"product_cat":[75,32,82],"product_tag":[],"class_list":{"0":"post-13224","1":"product","2":"type-product","3":"status-publish","4":"has-post-thumbnail","6":"product_cat-mesa-de-cabeceira","7":"product_cat-escritorio","8":"product_cat-tudo-de-quarto","10":"first","11":"instock","12":"shipping-taxable","13":"product-type-simple"},"_links":{"self":[{"href":"https:\/\/tudomoveisbelem.com.br\/v19\/wp-json\/wp\/v2\/product\/13224","targetHints":{"allow":["GET"]}}],"collection":[{"href":"https:\/\/tudomoveisbelem.com.br\/v19\/wp-json\/wp\/v2\/product"}],"about":[{"href":"https:\/\/tudomoveisbelem.com.br\/v19\/wp-json\/wp\/v2\/types\/product"}],"replies":[{"embeddable":true,"href":"https:\/\/tudomoveisbelem.com.br\/v19\/wp-json\/wp\/v2\/comments?post=13224"}],"version-history":[{"count":8,"href":"https:\/\/tudomoveisbelem.com.br\/v19\/wp-json\/wp\/v2\/product\/13224\/revisions"}],"predecessor-version":[{"id":29493,"href":"https:\/\/tudomoveisbelem.com.br\/v19\/wp-json\/wp\/v2\/product\/13224\/revisions\/29493"}],"wp:featuredmedia":[{"embeddable":true,"href":"https:\/\/tudomoveisbelem.com.br\/v19\/wp-json\/wp\/v2\/media\/28147"}],"wp:attachment":[{"href":"https:\/\/tudomoveisbelem.com.br\/v19\/wp-json\/wp\/v2\/media?parent=13224"}],"wp:term":[{"taxonomy":"product_brand","embeddable":true,"href":"https:\/\/tudomoveisbelem.com.br\/v19\/wp-json\/wp\/v2\/product_brand?post=13224"},{"taxonomy":"product_cat","embeddable":true,"href":"https:\/\/tudomoveisbelem.com.br\/v19\/wp-json\/wp\/v2\/product_cat?post=13224"},{"taxonomy":"product_tag","embeddable":true,"href":"https:\/\/tudomoveisbelem.com.br\/v19\/wp-json\/wp\/v2\/product_tag?post=13224"}],"curies":[{"name":"wp","href":"https:\/\/api.w.org\/{rel}","templated":true}]}}