{"id":12955,"date":"2020-07-01T00:05:11","date_gmt":"2020-07-01T00:05:11","guid":{"rendered":"https:\/\/tudomoveisbelem.com.br\/v19\/?post_type=product&#038;p=12955"},"modified":"2024-08-23T14:48:41","modified_gmt":"2024-08-23T14:48:41","slug":"cabeceira-solteiro-com-gaveta-r-29900-a-vista","status":"publish","type":"product","link":"https:\/\/tudomoveisbelem.com.br\/v19\/produto\/cabeceira-solteiro-com-gaveta-r-29900-a-vista\/","title":{"rendered":"Cabeceira Solteiro com Gaveta 10x de R$ 49,90"},"content":{"rendered":"<p>A\u00a0Cabeceira para Cama Box Solteiro com criado mudo\u00a0vai ficar incr\u00edvel na decora\u00e7\u00e3o do seu dormit\u00f3rio, pois ela conta com um design muito moderno e uma colora\u00e7\u00e3o incr\u00edvel.O criado-mudo conta com uma gaveta que desliza sobre corredi\u00e7as met\u00e1licas, puxador externo de alum\u00ednio, nicho que pode ser utilizado para organizar objetos ou expor pe\u00e7as decorativas, maior durabilidade e excelente resist\u00eancia para suprir as necessidades di\u00e1rias.<\/p>\n<p>Dimens\u00f5es<br \/>\nAltura: 1.04 M<br \/>\nLargura: 1.48 M<br \/>\nProfundidade: 0,38 CM<\/p>\n","protected":false},"excerpt":{"rendered":"<p>Por apenas 10x sem juros de <span style=\"color: #ff0000;\">R$ 49,90<\/span> no cart\u00e3o ou \u00e0 vista por <span style=\"color: #ff0000;\">R$ 499,00<\/span><\/p>\n<p>&nbsp;<\/p>\n","protected":false},"featured_media":12956,"comment_status":"closed","ping_status":"closed","template":"","meta":[],"product_brand":[],"product_cat":[77,82],"product_tag":[],"class_list":{"0":"post-12955","1":"product","2":"type-product","3":"status-publish","4":"has-post-thumbnail","6":"product_cat-cabeceira","7":"product_cat-tudo-de-quarto","9":"first","10":"instock","11":"shipping-taxable","12":"product-type-simple"},"_links":{"self":[{"href":"https:\/\/tudomoveisbelem.com.br\/v19\/wp-json\/wp\/v2\/product\/12955","targetHints":{"allow":["GET"]}}],"collection":[{"href":"https:\/\/tudomoveisbelem.com.br\/v19\/wp-json\/wp\/v2\/product"}],"about":[{"href":"https:\/\/tudomoveisbelem.com.br\/v19\/wp-json\/wp\/v2\/types\/product"}],"replies":[{"embeddable":true,"href":"https:\/\/tudomoveisbelem.com.br\/v19\/wp-json\/wp\/v2\/comments?post=12955"}],"version-history":[{"count":8,"href":"https:\/\/tudomoveisbelem.com.br\/v19\/wp-json\/wp\/v2\/product\/12955\/revisions"}],"predecessor-version":[{"id":30712,"href":"https:\/\/tudomoveisbelem.com.br\/v19\/wp-json\/wp\/v2\/product\/12955\/revisions\/30712"}],"wp:featuredmedia":[{"embeddable":true,"href":"https:\/\/tudomoveisbelem.com.br\/v19\/wp-json\/wp\/v2\/media\/12956"}],"wp:attachment":[{"href":"https:\/\/tudomoveisbelem.com.br\/v19\/wp-json\/wp\/v2\/media?parent=12955"}],"wp:term":[{"taxonomy":"product_brand","embeddable":true,"href":"https:\/\/tudomoveisbelem.com.br\/v19\/wp-json\/wp\/v2\/product_brand?post=12955"},{"taxonomy":"product_cat","embeddable":true,"href":"https:\/\/tudomoveisbelem.com.br\/v19\/wp-json\/wp\/v2\/product_cat?post=12955"},{"taxonomy":"product_tag","embeddable":true,"href":"https:\/\/tudomoveisbelem.com.br\/v19\/wp-json\/wp\/v2\/product_tag?post=12955"}],"curies":[{"name":"wp","href":"https:\/\/api.w.org\/{rel}","templated":true}]}}