{"id":12668,"date":"2020-05-27T02:21:46","date_gmt":"2020-05-27T02:21:46","guid":{"rendered":"https:\/\/tudomoveisbelem.com.br\/v19\/?post_type=product&#038;p=12668"},"modified":"2026-03-19T09:54:25","modified_gmt":"2026-03-19T09:54:25","slug":"bicama-mola-solteirao-r-64900-a-vista","status":"publish","type":"product","link":"https:\/\/tudomoveisbelem.com.br\/v19\/produto\/bicama-mola-solteirao-r-64900-a-vista\/","title":{"rendered":"Bicama Molas Solteir\u00e3o 12x sem juros de R$ 133,25."},"content":{"rendered":"<p>PROMO\u00c7\u00c3O<br \/>\nDe R$ 2.000,00<br \/>\nPor 12x sem juros de R$ 133,25 no cart\u00e3o ou R$ 1.599,00 \u00e0 vista.<\/p>\n<p>&nbsp;<\/p>\n<p>A sintonia perfeita entre conforto e estilo voc\u00ea encontra nesta bela Cama unibox solteir\u00e3o molas da Ortofirme, que \u00e9 composta por pe\u00e7as de excelente padr\u00e3o e qualidade.<\/p>\n<p>Dimens\u00f5es:<br \/>\nProfundidade: 1.98 M<br \/>\nLargura: 1.00 M<br \/>\nAltura: 0,53 CM<\/p>\n","protected":false},"excerpt":{"rendered":"<p><span style=\"color: #ff0000;\">Promo\u00e7\u00e3o!<\/span><br \/>\nDe <del><span style=\"color: #ff0000;\">R$1.800,00<\/span><\/del><br \/>\nPor apenas 10x de <span style=\"color: #ff0000;\">R$149,90<\/span> sem juros no cart\u00e3o ou \u00e0 vista por <span style=\"color: #ff0000;\">R$1.499,00.<\/span><\/p>\n<p>&nbsp;<\/p>\n","protected":false},"featured_media":24945,"comment_status":"closed","ping_status":"closed","template":"","meta":[],"product_brand":[],"product_cat":[39],"product_tag":[],"class_list":{"0":"post-12668","1":"product","2":"type-product","3":"status-publish","4":"has-post-thumbnail","6":"product_cat-camas","8":"first","9":"instock","10":"shipping-taxable","11":"product-type-simple"},"_links":{"self":[{"href":"https:\/\/tudomoveisbelem.com.br\/v19\/wp-json\/wp\/v2\/product\/12668","targetHints":{"allow":["GET"]}}],"collection":[{"href":"https:\/\/tudomoveisbelem.com.br\/v19\/wp-json\/wp\/v2\/product"}],"about":[{"href":"https:\/\/tudomoveisbelem.com.br\/v19\/wp-json\/wp\/v2\/types\/product"}],"replies":[{"embeddable":true,"href":"https:\/\/tudomoveisbelem.com.br\/v19\/wp-json\/wp\/v2\/comments?post=12668"}],"version-history":[{"count":10,"href":"https:\/\/tudomoveisbelem.com.br\/v19\/wp-json\/wp\/v2\/product\/12668\/revisions"}],"predecessor-version":[{"id":37109,"href":"https:\/\/tudomoveisbelem.com.br\/v19\/wp-json\/wp\/v2\/product\/12668\/revisions\/37109"}],"wp:featuredmedia":[{"embeddable":true,"href":"https:\/\/tudomoveisbelem.com.br\/v19\/wp-json\/wp\/v2\/media\/24945"}],"wp:attachment":[{"href":"https:\/\/tudomoveisbelem.com.br\/v19\/wp-json\/wp\/v2\/media?parent=12668"}],"wp:term":[{"taxonomy":"product_brand","embeddable":true,"href":"https:\/\/tudomoveisbelem.com.br\/v19\/wp-json\/wp\/v2\/product_brand?post=12668"},{"taxonomy":"product_cat","embeddable":true,"href":"https:\/\/tudomoveisbelem.com.br\/v19\/wp-json\/wp\/v2\/product_cat?post=12668"},{"taxonomy":"product_tag","embeddable":true,"href":"https:\/\/tudomoveisbelem.com.br\/v19\/wp-json\/wp\/v2\/product_tag?post=12668"}],"curies":[{"name":"wp","href":"https:\/\/api.w.org\/{rel}","templated":true}]}}