{"id":12552,"date":"2020-04-30T22:33:54","date_gmt":"2020-04-30T22:33:54","guid":{"rendered":"https:\/\/tudomoveisbelem.com.br\/v19\/?post_type=product&#038;p=12552"},"modified":"2024-06-18T16:05:41","modified_gmt":"2024-06-18T16:05:41","slug":"rack-para-tv-ate-60-polegadas-r39900-a-vista","status":"publish","type":"product","link":"https:\/\/tudomoveisbelem.com.br\/v19\/produto\/rack-para-tv-ate-60-polegadas-r39900-a-vista\/","title":{"rendered":"Rack para TV at\u00e9 60\u2019\u2019 10x\u00a0de R$ 69,90"},"content":{"rendered":"<p>Para voc\u00ea que quer dar um toque de modernidade no ambiente, esse rack \u00e9 uma \u00f3tima op\u00e7\u00e3o, ele possui seis rodinhas embutidas e design moderno. Possui uma porta de abrir com detalhes de friso na<br \/>\nmadeira. Nichos para acomodar suas decora\u00e7\u00f5es, \u00e1udio e equipamentos de som. Suporta TVs de at\u00e9 60 polegadas.<\/p>\n<p>Dimens\u00f5es<br \/>\nAltura: 0,74 CM<br \/>\nLargura: 1.60 M<br \/>\nProfundidade: 0,39 CM<\/p>\n","protected":false},"excerpt":{"rendered":"<p>Por 10x de <span style=\"color: #ff0000;\"><strong>R$ 69,90<\/strong><\/span>\u00a0sem juros<br \/>\nNo cart\u00e3o ou \u00e0 vista por<strong>\u00a0<span style=\"color: #ff0000;\">R$ 699,00.<\/span><\/strong><\/p>\n","protected":false},"featured_media":18377,"comment_status":"closed","ping_status":"closed","template":"","meta":[],"product_brand":[],"product_cat":[43],"product_tag":[],"class_list":{"0":"post-12552","1":"product","2":"type-product","3":"status-publish","4":"has-post-thumbnail","6":"product_cat-racks","8":"first","9":"instock","10":"shipping-taxable","11":"product-type-simple"},"_links":{"self":[{"href":"https:\/\/tudomoveisbelem.com.br\/v19\/wp-json\/wp\/v2\/product\/12552","targetHints":{"allow":["GET"]}}],"collection":[{"href":"https:\/\/tudomoveisbelem.com.br\/v19\/wp-json\/wp\/v2\/product"}],"about":[{"href":"https:\/\/tudomoveisbelem.com.br\/v19\/wp-json\/wp\/v2\/types\/product"}],"replies":[{"embeddable":true,"href":"https:\/\/tudomoveisbelem.com.br\/v19\/wp-json\/wp\/v2\/comments?post=12552"}],"version-history":[{"count":12,"href":"https:\/\/tudomoveisbelem.com.br\/v19\/wp-json\/wp\/v2\/product\/12552\/revisions"}],"predecessor-version":[{"id":29987,"href":"https:\/\/tudomoveisbelem.com.br\/v19\/wp-json\/wp\/v2\/product\/12552\/revisions\/29987"}],"wp:featuredmedia":[{"embeddable":true,"href":"https:\/\/tudomoveisbelem.com.br\/v19\/wp-json\/wp\/v2\/media\/18377"}],"wp:attachment":[{"href":"https:\/\/tudomoveisbelem.com.br\/v19\/wp-json\/wp\/v2\/media?parent=12552"}],"wp:term":[{"taxonomy":"product_brand","embeddable":true,"href":"https:\/\/tudomoveisbelem.com.br\/v19\/wp-json\/wp\/v2\/product_brand?post=12552"},{"taxonomy":"product_cat","embeddable":true,"href":"https:\/\/tudomoveisbelem.com.br\/v19\/wp-json\/wp\/v2\/product_cat?post=12552"},{"taxonomy":"product_tag","embeddable":true,"href":"https:\/\/tudomoveisbelem.com.br\/v19\/wp-json\/wp\/v2\/product_tag?post=12552"}],"curies":[{"name":"wp","href":"https:\/\/api.w.org\/{rel}","templated":true}]}}