{"id":12545,"date":"2020-04-30T22:28:40","date_gmt":"2020-04-30T22:28:40","guid":{"rendered":"https:\/\/tudomoveisbelem.com.br\/v19\/?post_type=product&#038;p=12545"},"modified":"2026-03-30T17:16:55","modified_gmt":"2026-03-30T17:16:55","slug":"guarda-roupas-espelhado-solteirao-r1-09900-a-vista","status":"publish","type":"product","link":"https:\/\/tudomoveisbelem.com.br\/v19\/produto\/guarda-roupas-espelhado-solteirao-r1-09900-a-vista\/","title":{"rendered":"Guarda Roupa Espelhado Solteir\u00e3o 12x de R$ 249,92."},"content":{"rendered":"<p>\u2728\ud83d\udeaa LAN\u00c7AMENTO EXCLUSIVO \u2013 GUARDA-ROUPA ESPELHADO SOLTEIR\u00c3O \ud83d\udeaa\u2728<\/p>\n<p>Funcional, moderno e ideal para quem quer mais espa\u00e7o sem abrir m\u00e3o do design. Esse roupeiro \u00e9 a escolha certa para quartos solteiro ou de h\u00f3spedes que pedem praticidade e eleg\u00e2ncia \ud83c\udfe1\ud83d\udc8e<\/p>\n<p>\ud83d\udce6 Diferenciais que fazem a diferen\u00e7a:<br \/>\n\u2714\ufe0f 2 portas de correr \u2014 otimiza\u00e7\u00e3o total do espa\u00e7o<br \/>\n\u2714\ufe0f 1 porta totalmente espelhada \u2014 mais amplitude e sofistica\u00e7\u00e3o ao ambiente<br \/>\n\u2714\ufe0f 3 gavetas internas \u2014 organiza\u00e7\u00e3o pr\u00e1tica para o dia a dia<br \/>\n\u2714\ufe0f 4 prateleiras bem distribu\u00eddas \u2014 ideal para roupas dobradas e acess\u00f3rios<br \/>\n\u2714\ufe0f Cabideiros funcionais \u2014 roupas sempre bem acomodadas<\/p>\n<p>\ud83d\udcd0 Dimens\u00f5es:<br \/>\n\ud83d\udd39 Altura: 2,19 m<br \/>\n\ud83d\udd39 Largura: 1,49 m<br \/>\n\ud83d\udd39 Profundidade: 0,53 m<\/p>\n<p>\ud83d\ude9a Entrega e montagem no mesmo dia<br \/>\n\u2705 100% GR\u00c1TIS<br \/>\n\ud83d\udccd Bel\u00e9m, Ananindeua e Marituba<br \/>\n\ud83d\udcac Compre na loja f\u00edsica ou pelo WhatsApp<br \/>\n\ud83d\udcb3 Pagamento no ato da entrega<br \/>\n\ud83d\udee1\ufe0f Produto novo, com garantia do fabricante<\/p>\n<p>\ud83d\udd25 LAN\u00c7AMENTO EXCLUSIVO<br \/>\n\ud83d\udc49 Por apenas 12x de <strong><span style=\"color: #ff0000;\">R$ 249,92 <\/span><\/strong>sem juros no cart\u00e3o<\/p>\n<p>\u2728 Mais espa\u00e7o, mais praticidade e muito mais estilo para o seu quarto \u2014 \u00e9 Tudo M\u00f3veis!<\/p>\n","protected":false},"excerpt":{"rendered":"<p>\u2728\ud83d\udeaa LAN\u00c7AMENTO EXCLUSIVO \u2013 GUARDA-ROUPA ESPELHADO SOLTEIR\u00c3O \ud83d\udeaa\u2728 Funcional, moderno e ideal para quem quer mais espa\u00e7o sem abrir m\u00e3o do design. Esse roupeiro \u00e9 a escolha certa para quartos solteiro ou de h\u00f3spedes que pedem praticidade e eleg\u00e2ncia \ud83c\udfe1\ud83d\udc8e \ud83d\udce6 Diferenciais que fazem a diferen\u00e7a: \u2714\ufe0f 2 portas de correr \u2014 otimiza\u00e7\u00e3o total do &hellip; <a href=\"https:\/\/tudomoveisbelem.com.br\/v19\/produto\/guarda-roupas-espelhado-solteirao-r1-09900-a-vista\/\" class=\"more-link\">Continue lendo<span class=\"screen-reader-text\"> &#8220;Guarda Roupa Espelhado Solteir\u00e3o 12x de R$ 249,92.&#8221;<\/span><\/a><\/p>\n","protected":false},"featured_media":28204,"comment_status":"closed","ping_status":"closed","template":"","meta":[],"product_brand":[],"product_cat":[41],"product_tag":[],"class_list":{"0":"post-12545","1":"product","2":"type-product","3":"status-publish","4":"has-post-thumbnail","6":"product_cat-roupeiros","8":"first","9":"instock","10":"shipping-taxable","11":"product-type-simple"},"_links":{"self":[{"href":"https:\/\/tudomoveisbelem.com.br\/v19\/wp-json\/wp\/v2\/product\/12545","targetHints":{"allow":["GET"]}}],"collection":[{"href":"https:\/\/tudomoveisbelem.com.br\/v19\/wp-json\/wp\/v2\/product"}],"about":[{"href":"https:\/\/tudomoveisbelem.com.br\/v19\/wp-json\/wp\/v2\/types\/product"}],"replies":[{"embeddable":true,"href":"https:\/\/tudomoveisbelem.com.br\/v19\/wp-json\/wp\/v2\/comments?post=12545"}],"version-history":[{"count":15,"href":"https:\/\/tudomoveisbelem.com.br\/v19\/wp-json\/wp\/v2\/product\/12545\/revisions"}],"predecessor-version":[{"id":37182,"href":"https:\/\/tudomoveisbelem.com.br\/v19\/wp-json\/wp\/v2\/product\/12545\/revisions\/37182"}],"wp:featuredmedia":[{"embeddable":true,"href":"https:\/\/tudomoveisbelem.com.br\/v19\/wp-json\/wp\/v2\/media\/28204"}],"wp:attachment":[{"href":"https:\/\/tudomoveisbelem.com.br\/v19\/wp-json\/wp\/v2\/media?parent=12545"}],"wp:term":[{"taxonomy":"product_brand","embeddable":true,"href":"https:\/\/tudomoveisbelem.com.br\/v19\/wp-json\/wp\/v2\/product_brand?post=12545"},{"taxonomy":"product_cat","embeddable":true,"href":"https:\/\/tudomoveisbelem.com.br\/v19\/wp-json\/wp\/v2\/product_cat?post=12545"},{"taxonomy":"product_tag","embeddable":true,"href":"https:\/\/tudomoveisbelem.com.br\/v19\/wp-json\/wp\/v2\/product_tag?post=12545"}],"curies":[{"name":"wp","href":"https:\/\/api.w.org\/{rel}","templated":true}]}}